{"id":6655,"date":"2025-10-13T18:09:23","date_gmt":"2025-10-13T16:09:23","guid":{"rendered":"https:\/\/ussaintberthevinfootball.com\/?page_id=6655"},"modified":"2025-10-13T18:09:57","modified_gmt":"2025-10-13T16:09:57","slug":"octobre-rose-2025","status":"publish","type":"page","link":"https:\/\/ussaintberthevinfootball.com\/index.php\/octobre-rose-2025\/","title":{"rendered":"\ud83c\udf80 Octobre Rose : un mois pour se mobiliser contre le cancer du sein"},"content":{"rendered":"\n<p>Un premier match \u00e0 domicile plac\u00e9 sous les couleurs d\u2019octobre rose <img decoding=\"async\" height=\"16\" width=\"16\" alt=\"\ud83c\udf80\" src=\"https:\/\/static.xx.fbcdn.net\/images\/emoji.php\/v9\/t3\/1\/16\/1f380.png\"> pour nos f\u00e9minines en entente avec @usspbofficiel<\/p>\n\n\n\n<p><a><\/a>L\u2019occasion pour les filles de faire leur entr\u00e9e sur le terrain accompagn\u00e9es de leur maman, amie ou enfant <img decoding=\"async\" height=\"16\" width=\"16\" alt=\"\ud83d\udc95\" src=\"https:\/\/static.xx.fbcdn.net\/images\/emoji.php\/v9\/t68\/1\/16\/1f495.png\"><\/p>\n\n\n\n<p>Merci \u00e0 notre photographe @<a href=\"https:\/\/l.facebook.com\/l.php?u=http%3A%2F%2Fedouard.fr%2F&amp;h=AT15NBdSZoGjavIIa-kYa5Stz8fuu-PA__r8fbxmoKq5LxYw3TntE_wI_VwdFgnv30arIv1M69ZDx3l9sFv44hR56N5isOWNoi6EoMNqQnkQvLConyOXuPHnFMLlaqEiaeTXWvIk49v2M4IcwhglP5lzR4OPjkVf&amp;__tn__=-UK-R&amp;c[0]=AT2zvZMr1MhYUw71F6gryuX8RI5mWUei8cVUtQ_UB8iUR8b2aeP16WdK7ShuLdq2NTSts3bJ5UtCqNyk1jMZwKWZhC2lByRdgpaLhDtQy7fbpkASYKIl3Vx7Kh0wE1_Cnkojty4AAu_0A-WEuh2nlJ5gZpKKx-9mqSvjqIpDH3xERAmd2SeHFQG-bdbZCG6J3MSKsmUKl0avjLKyBi856IXI_A\" rel=\"noreferrer noopener\" target=\"_blank\">edouard.fr<\/a> pour ces magnifiques photos. N\u2019h\u00e9sitez pas \u00e0 suivre son travail <img decoding=\"async\" height=\"16\" width=\"16\" alt=\"\ud83d\udc4c\ud83c\udffd\" src=\"https:\/\/static.xx.fbcdn.net\/images\/emoji.php\/v9\/tb8\/1\/16\/1f44c_1f3fd.png\">. Les photos du match arrivent dans la semaine <img loading=\"lazy\" decoding=\"async\" height=\"16\" width=\"16\" alt=\"\ud83d\ude09\" src=\"https:\/\/static.xx.fbcdn.net\/images\/emoji.php\/v9\/t57\/1\/16\/1f609.png\"><\/p>\n\n\n\n<div class=\"alignnormal\"><div id=\"metaslider-id-6393\" style=\"width: 100%; margin: 0 auto;\" class=\"ml-slider-3-107-0 metaslider metaslider-flex metaslider-6393 ml-slider has-dots-nav has-loading ml-slider-lightbox-2-22-0 lightbox-disabled ms-theme-default-base\" role=\"region\" aria-label=\"Octobre Rose 2015\" data-height=\"1000\" data-width=\"1200\">\n    <div id=\"metaslider_container_6393\">\n        <div id=\"metaslider_6393\">\n            <ul aria-live='off' class='slides'>\n                <li style=\"display: block; width: 100%;\" class=\"slide-6397 ms-image \" aria-roledescription=\"slide\" data-date=\"2025-10-06 14:31:24\" data-filename=\"Octobre-Rose-1170x975.jpg\" data-slide-type=\"image\"><img loading=\"lazy\" decoding=\"async\" src=\"data:image\/jpeg;base64,iVBORw0KGgoAAAANSUhEUgAAAAYAAAAFCAYAAABmWJ3mAAAACXBIWXMAAA7EAAAOxAGVKw4bAAAAFElEQVQImWP8\/\/8\/AzbAhFWUuhIAcowDBw4iBiIAAAAASUVORK5CYII=\" height=\"1000\" width=\"1200\" alt=\"\" class=\"slider-6393 slide-6397 msDefaultImage\" title=\"Octobre Rose\" data-ms-src=\"https:\/\/ussaintberthevinfootball.com\/wp-content\/uploads\/2025\/10\/Octobre-Rose-1170x975.jpg\" \/><\/li>\n                <li style=\"display: none; width: 100%;\" class=\"slide-6654 ms-image \" aria-roledescription=\"slide\" data-date=\"2025-10-13 18:06:57\" data-filename=\"563859363_18071845268587035_7602015409329566808_n-1200x1000.jpg\" data-slide-type=\"image\"><img loading=\"lazy\" decoding=\"async\" src=\"data:image\/jpeg;base64,iVBORw0KGgoAAAANSUhEUgAAAAYAAAAFCAYAAABmWJ3mAAAACXBIWXMAAA7EAAAOxAGVKw4bAAAAFElEQVQImWP8\/\/8\/AzbAhFWUuhIAcowDBw4iBiIAAAAASUVORK5CYII=\" height=\"1000\" width=\"1200\" alt=\"\" class=\"slider-6393 slide-6654 msDefaultImage\" title=\"563859363_18071845268587035_7602015409329566808_n\" data-ms-src=\"https:\/\/ussaintberthevinfootball.com\/wp-content\/uploads\/2025\/10\/563859363_18071845268587035_7602015409329566808_n-1200x1000.jpg\" \/><\/li>\n                <li style=\"display: none; width: 100%;\" class=\"slide-6398 ms-image \" aria-roledescription=\"slide\" data-date=\"2025-10-06 14:31:24\" data-filename=\"Octobre-Rose-Veteran-1080x900.jpg\" data-slide-type=\"image\"><img loading=\"lazy\" decoding=\"async\" src=\"data:image\/jpeg;base64,iVBORw0KGgoAAAANSUhEUgAAAAYAAAAFCAYAAABmWJ3mAAAACXBIWXMAAA7EAAAOxAGVKw4bAAAAFElEQVQImWP8\/\/8\/AzbAhFWUuhIAcowDBw4iBiIAAAAASUVORK5CYII=\" height=\"1000\" width=\"1200\" alt=\"\" class=\"slider-6393 slide-6398 msDefaultImage\" title=\"Octobre Rose V\u00e9t\u00e9ran\" data-ms-src=\"https:\/\/ussaintberthevinfootball.com\/wp-content\/uploads\/2025\/10\/Octobre-Rose-Veteran-1080x900.jpg\" \/><\/li>\n                <li style=\"display: none; width: 100%;\" class=\"slide-6399 ms-image \" aria-roledescription=\"slide\" data-date=\"2025-10-06 14:31:24\" data-filename=\"Octobre-Rose-Senior-B-1080x900.jpg\" data-slide-type=\"image\"><img loading=\"lazy\" decoding=\"async\" src=\"data:image\/jpeg;base64,iVBORw0KGgoAAAANSUhEUgAAAAYAAAAFCAYAAABmWJ3mAAAACXBIWXMAAA7EAAAOxAGVKw4bAAAAFElEQVQImWP8\/\/8\/AzbAhFWUuhIAcowDBw4iBiIAAAAASUVORK5CYII=\" height=\"1000\" width=\"1200\" alt=\"\" class=\"slider-6393 slide-6399 msDefaultImage\" title=\"Octobre Rose Senior B\" data-ms-src=\"https:\/\/ussaintberthevinfootball.com\/wp-content\/uploads\/2025\/10\/Octobre-Rose-Senior-B-1080x900.jpg\" \/><\/li>\n                <li style=\"display: none; width: 100%;\" class=\"slide-6400 ms-image \" aria-roledescription=\"slide\" data-date=\"2025-10-06 14:31:24\" data-filename=\"Octobre-Rose-U17-1080x900.jpg\" data-slide-type=\"image\"><img loading=\"lazy\" decoding=\"async\" src=\"data:image\/jpeg;base64,iVBORw0KGgoAAAANSUhEUgAAAAYAAAAFCAYAAABmWJ3mAAAACXBIWXMAAA7EAAAOxAGVKw4bAAAAFElEQVQImWP8\/\/8\/AzbAhFWUuhIAcowDBw4iBiIAAAAASUVORK5CYII=\" height=\"1000\" width=\"1200\" alt=\"\" class=\"slider-6393 slide-6400 msDefaultImage\" title=\"Octobre Rose U17\" data-ms-src=\"https:\/\/ussaintberthevinfootball.com\/wp-content\/uploads\/2025\/10\/Octobre-Rose-U17-1080x900.jpg\" \/><\/li>\n                <li style=\"display: none; width: 100%;\" class=\"slide-6644 ms-image \" aria-roledescription=\"slide\" data-date=\"2025-10-13 18:06:56\" data-filename=\"563042125_18071724506587035_8660253388822408819_n-1080x900.jpg\" data-slide-type=\"image\"><img loading=\"lazy\" decoding=\"async\" src=\"data:image\/jpeg;base64,iVBORw0KGgoAAAANSUhEUgAAAAYAAAAFCAYAAABmWJ3mAAAACXBIWXMAAA7EAAAOxAGVKw4bAAAAFElEQVQImWP8\/\/8\/AzbAhFWUuhIAcowDBw4iBiIAAAAASUVORK5CYII=\" height=\"1000\" width=\"1200\" alt=\"\" class=\"slider-6393 slide-6644 msDefaultImage\" title=\"563042125_18071724506587035_8660253388822408819_n\" data-ms-src=\"https:\/\/ussaintberthevinfootball.com\/wp-content\/uploads\/2025\/10\/563042125_18071724506587035_8660253388822408819_n-1080x900.jpg\" \/><\/li>\n                <li style=\"display: none; width: 100%;\" class=\"slide-6645 ms-image \" aria-roledescription=\"slide\" data-date=\"2025-10-13 18:06:56\" data-filename=\"563049121_18071724497587035_1580604860114135813_n-1200x1000.jpg\" data-slide-type=\"image\"><img loading=\"lazy\" decoding=\"async\" src=\"data:image\/jpeg;base64,iVBORw0KGgoAAAANSUhEUgAAAAYAAAAFCAYAAABmWJ3mAAAACXBIWXMAAA7EAAAOxAGVKw4bAAAAFElEQVQImWP8\/\/8\/AzbAhFWUuhIAcowDBw4iBiIAAAAASUVORK5CYII=\" height=\"1000\" width=\"1200\" alt=\"\" class=\"slider-6393 slide-6645 msDefaultImage\" title=\"563049121_18071724497587035_1580604860114135813_n\" data-ms-src=\"https:\/\/ussaintberthevinfootball.com\/wp-content\/uploads\/2025\/10\/563049121_18071724497587035_1580604860114135813_n-1200x1000.jpg\" \/><\/li>\n                <li style=\"display: none; width: 100%;\" class=\"slide-6646 ms-image \" aria-roledescription=\"slide\" data-date=\"2025-10-13 18:06:56\" data-filename=\"559437319_1274712657792847_3937366076852059075_n-1200x1000.jpg\" data-slide-type=\"image\"><img loading=\"lazy\" decoding=\"async\" src=\"data:image\/jpeg;base64,iVBORw0KGgoAAAANSUhEUgAAAAYAAAAFCAYAAABmWJ3mAAAACXBIWXMAAA7EAAAOxAGVKw4bAAAAFElEQVQImWP8\/\/8\/AzbAhFWUuhIAcowDBw4iBiIAAAAASUVORK5CYII=\" height=\"1000\" width=\"1200\" alt=\"\" class=\"slider-6393 slide-6646 msDefaultImage\" title=\"559437319_1274712657792847_3937366076852059075_n\" data-ms-src=\"https:\/\/ussaintberthevinfootball.com\/wp-content\/uploads\/2025\/10\/559437319_1274712657792847_3937366076852059075_n-1200x1000.jpg\" \/><\/li>\n                <li style=\"display: none; width: 100%;\" class=\"slide-6647 ms-image \" aria-roledescription=\"slide\" data-date=\"2025-10-13 18:06:56\" data-filename=\"559185775_1274712637792849_7380490435880517974_n-1200x1000.jpg\" data-slide-type=\"image\"><img loading=\"lazy\" decoding=\"async\" src=\"data:image\/jpeg;base64,iVBORw0KGgoAAAANSUhEUgAAAAYAAAAFCAYAAABmWJ3mAAAACXBIWXMAAA7EAAAOxAGVKw4bAAAAFElEQVQImWP8\/\/8\/AzbAhFWUuhIAcowDBw4iBiIAAAAASUVORK5CYII=\" height=\"1000\" width=\"1200\" alt=\"\" class=\"slider-6393 slide-6647 msDefaultImage\" title=\"559185775_1274712637792849_7380490435880517974_n\" data-ms-src=\"https:\/\/ussaintberthevinfootball.com\/wp-content\/uploads\/2025\/10\/559185775_1274712637792849_7380490435880517974_n-1200x1000.jpg\" \/><\/li>\n                <li style=\"display: none; width: 100%;\" class=\"slide-6648 ms-image \" aria-roledescription=\"slide\" data-date=\"2025-10-13 18:06:56\" data-filename=\"565104545_1274711307792982_5253697350440670355_n-1200x1000.jpg\" data-slide-type=\"image\"><img loading=\"lazy\" decoding=\"async\" src=\"data:image\/jpeg;base64,iVBORw0KGgoAAAANSUhEUgAAAAYAAAAFCAYAAABmWJ3mAAAACXBIWXMAAA7EAAAOxAGVKw4bAAAAFElEQVQImWP8\/\/8\/AzbAhFWUuhIAcowDBw4iBiIAAAAASUVORK5CYII=\" height=\"1000\" width=\"1200\" alt=\"\" class=\"slider-6393 slide-6648 msDefaultImage\" title=\"565104545_1274711307792982_5253697350440670355_n\" data-ms-src=\"https:\/\/ussaintberthevinfootball.com\/wp-content\/uploads\/2025\/10\/565104545_1274711307792982_5253697350440670355_n-1200x1000.jpg\" \/><\/li>\n                <li style=\"display: none; width: 100%;\" class=\"slide-6649 ms-image \" aria-roledescription=\"slide\" data-date=\"2025-10-13 18:06:56\" data-filename=\"558982750_1274711241126322_5353624999506227150_n-1200x1000.jpg\" data-slide-type=\"image\"><img loading=\"lazy\" decoding=\"async\" src=\"data:image\/jpeg;base64,iVBORw0KGgoAAAANSUhEUgAAAAYAAAAFCAYAAABmWJ3mAAAACXBIWXMAAA7EAAAOxAGVKw4bAAAAFElEQVQImWP8\/\/8\/AzbAhFWUuhIAcowDBw4iBiIAAAAASUVORK5CYII=\" height=\"1000\" width=\"1200\" alt=\"\" class=\"slider-6393 slide-6649 msDefaultImage\" title=\"558982750_1274711241126322_5353624999506227150_n\" data-ms-src=\"https:\/\/ussaintberthevinfootball.com\/wp-content\/uploads\/2025\/10\/558982750_1274711241126322_5353624999506227150_n-1200x1000.jpg\" \/><\/li>\n                <li style=\"display: none; width: 100%;\" class=\"slide-6650 ms-image \" aria-roledescription=\"slide\" data-date=\"2025-10-13 18:06:57\" data-filename=\"561302563_1274711151126331_4989665823946929298_n-1200x1000.jpg\" data-slide-type=\"image\"><img loading=\"lazy\" decoding=\"async\" src=\"data:image\/jpeg;base64,iVBORw0KGgoAAAANSUhEUgAAAAYAAAAFCAYAAABmWJ3mAAAACXBIWXMAAA7EAAAOxAGVKw4bAAAAFElEQVQImWP8\/\/8\/AzbAhFWUuhIAcowDBw4iBiIAAAAASUVORK5CYII=\" height=\"1000\" width=\"1200\" alt=\"\" class=\"slider-6393 slide-6650 msDefaultImage\" title=\"561302563_1274711151126331_4989665823946929298_n\" data-ms-src=\"https:\/\/ussaintberthevinfootball.com\/wp-content\/uploads\/2025\/10\/561302563_1274711151126331_4989665823946929298_n-1200x1000.jpg\" \/><\/li>\n                <li style=\"display: none; width: 100%;\" class=\"slide-6651 ms-image \" aria-roledescription=\"slide\" data-date=\"2025-10-13 18:06:57\" data-filename=\"563588162_18071845319587035_8066491685442699442_n-1200x1000.jpg\" data-slide-type=\"image\"><img loading=\"lazy\" decoding=\"async\" src=\"data:image\/jpeg;base64,iVBORw0KGgoAAAANSUhEUgAAAAYAAAAFCAYAAABmWJ3mAAAACXBIWXMAAA7EAAAOxAGVKw4bAAAAFElEQVQImWP8\/\/8\/AzbAhFWUuhIAcowDBw4iBiIAAAAASUVORK5CYII=\" height=\"1000\" width=\"1200\" alt=\"\" class=\"slider-6393 slide-6651 msDefaultImage\" title=\"563588162_18071845319587035_8066491685442699442_n\" data-ms-src=\"https:\/\/ussaintberthevinfootball.com\/wp-content\/uploads\/2025\/10\/563588162_18071845319587035_8066491685442699442_n-1200x1000.jpg\" \/><\/li>\n                <li style=\"display: none; width: 100%;\" class=\"slide-6653 ms-image \" aria-roledescription=\"slide\" data-date=\"2025-10-13 18:06:57\" data-filename=\"563977071_18071845280587035_1032793415109104167_n-1200x1000.jpg\" data-slide-type=\"image\"><img loading=\"lazy\" decoding=\"async\" src=\"data:image\/jpeg;base64,iVBORw0KGgoAAAANSUhEUgAAAAYAAAAFCAYAAABmWJ3mAAAACXBIWXMAAA7EAAAOxAGVKw4bAAAAFElEQVQImWP8\/\/8\/AzbAhFWUuhIAcowDBw4iBiIAAAAASUVORK5CYII=\" height=\"1000\" width=\"1200\" alt=\"\" class=\"slider-6393 slide-6653 msDefaultImage\" title=\"563977071_18071845280587035_1032793415109104167_n\" data-ms-src=\"https:\/\/ussaintberthevinfootball.com\/wp-content\/uploads\/2025\/10\/563977071_18071845280587035_1032793415109104167_n-1200x1000.jpg\" \/><\/li>\n                <li style=\"display: none; width: 100%;\" class=\"slide-6652 ms-image \" aria-roledescription=\"slide\" data-date=\"2025-10-13 18:06:57\" data-filename=\"563361015_18071845292587035_8629238066234826575_n-1200x1000.jpg\" data-slide-type=\"image\"><img loading=\"lazy\" decoding=\"async\" src=\"data:image\/jpeg;base64,iVBORw0KGgoAAAANSUhEUgAAAAYAAAAFCAYAAABmWJ3mAAAACXBIWXMAAA7EAAAOxAGVKw4bAAAAFElEQVQImWP8\/\/8\/AzbAhFWUuhIAcowDBw4iBiIAAAAASUVORK5CYII=\" height=\"1000\" width=\"1200\" alt=\"\" class=\"slider-6393 slide-6652 msDefaultImage\" title=\"563361015_18071845292587035_8629238066234826575_n\" data-ms-src=\"https:\/\/ussaintberthevinfootball.com\/wp-content\/uploads\/2025\/10\/563361015_18071845292587035_8629238066234826575_n-1200x1000.jpg\" \/><\/li>\n            <\/ul>\n        <div class='ms-slider-loading'><img src='https:\/\/ussaintberthevinfootball.com\/wp-admin\/images\/spinner.gif' alt='Chargement\u2026'><\/div>\n        <div class='flex-progress-bar'><\/div>\n        <\/div>\n        \n    <\/div>\n<\/div><\/div>\n\n\n\n<p><\/p>\n","protected":false},"excerpt":{"rendered":"<p>Un premier match \u00e0 domicile plac\u00e9 sous les couleurs d\u2019octobre rose pour nos f\u00e9minines en entente avec @usspbofficiel L\u2019occasion pour les filles de faire leur entr\u00e9e sur le terrain accompagn\u00e9es de leur maman, amie ou enfant Merci \u00e0 notre photographe @edouard.fr pour ces magnifiques photos. N\u2019h\u00e9sitez pas \u00e0 suivre son travail . Les photos du [&hellip;]<\/p>\n","protected":false},"author":1,"featured_media":0,"parent":0,"menu_order":0,"comment_status":"closed","ping_status":"closed","template":"","meta":{"_uag_custom_page_level_css":"","site-sidebar-layout":"default","site-content-layout":"","ast-site-content-layout":"normal-width-container","site-content-style":"default","site-sidebar-style":"default","ast-global-header-display":"","ast-banner-title-visibility":"","ast-main-header-display":"","ast-hfb-above-header-display":"","ast-hfb-below-header-display":"","ast-hfb-mobile-header-display":"","site-post-title":"","ast-breadcrumbs-content":"","ast-featured-img":"","footer-sml-layout":"","ast-disable-related-posts":"","theme-transparent-header-meta":"","adv-header-id-meta":"","stick-header-meta":"","header-above-stick-meta":"","header-main-stick-meta":"","header-below-stick-meta":"","astra-migrate-meta-layouts":"default","ast-page-background-enabled":"default","ast-page-background-meta":{"desktop":{"background-color":"var(--ast-global-color-4)","background-image":"","background-repeat":"repeat","background-position":"center center","background-size":"auto","background-attachment":"scroll","background-type":"","background-media":"","overlay-type":"","overlay-color":"","overlay-opacity":"","overlay-gradient":""},"tablet":{"background-color":"","background-image":"","background-repeat":"repeat","background-position":"center center","background-size":"auto","background-attachment":"scroll","background-type":"","background-media":"","overlay-type":"","overlay-color":"","overlay-opacity":"","overlay-gradient":""},"mobile":{"background-color":"","background-image":"","background-repeat":"repeat","background-position":"center center","background-size":"auto","background-attachment":"scroll","background-type":"","background-media":"","overlay-type":"","overlay-color":"","overlay-opacity":"","overlay-gradient":""}},"ast-content-background-meta":{"desktop":{"background-color":"var(--ast-global-color-5)","background-image":"","background-repeat":"repeat","background-position":"center center","background-size":"auto","background-attachment":"scroll","background-type":"","background-media":"","overlay-type":"","overlay-color":"","overlay-opacity":"","overlay-gradient":""},"tablet":{"background-color":"var(--ast-global-color-5)","background-image":"","background-repeat":"repeat","background-position":"center center","background-size":"auto","background-attachment":"scroll","background-type":"","background-media":"","overlay-type":"","overlay-color":"","overlay-opacity":"","overlay-gradient":""},"mobile":{"background-color":"var(--ast-global-color-5)","background-image":"","background-repeat":"repeat","background-position":"center center","background-size":"auto","background-attachment":"scroll","background-type":"","background-media":"","overlay-type":"","overlay-color":"","overlay-opacity":"","overlay-gradient":""}},"footnotes":""},"class_list":["post-6655","page","type-page","status-publish","hentry"],"uagb_featured_image_src":{"full":false,"thumbnail":false,"medium":false,"medium_large":false,"large":false,"1536x1536":false,"2048x2048":false},"uagb_author_info":{"display_name":"ussbfootball53","author_link":"https:\/\/ussaintberthevinfootball.com\/index.php\/author\/ussbfootball53\/"},"uagb_comment_info":0,"uagb_excerpt":"Un premier match \u00e0 domicile plac\u00e9 sous les couleurs d\u2019octobre rose pour nos f\u00e9minines en entente avec @usspbofficiel L\u2019occasion pour les filles de faire leur entr\u00e9e sur le terrain accompagn\u00e9es de leur maman, amie ou enfant Merci \u00e0 notre photographe @edouard.fr pour ces magnifiques photos. N\u2019h\u00e9sitez pas \u00e0 suivre son travail . Les photos du\u2026","_links":{"self":[{"href":"https:\/\/ussaintberthevinfootball.com\/index.php\/wp-json\/wp\/v2\/pages\/6655","targetHints":{"allow":["GET"]}}],"collection":[{"href":"https:\/\/ussaintberthevinfootball.com\/index.php\/wp-json\/wp\/v2\/pages"}],"about":[{"href":"https:\/\/ussaintberthevinfootball.com\/index.php\/wp-json\/wp\/v2\/types\/page"}],"author":[{"embeddable":true,"href":"https:\/\/ussaintberthevinfootball.com\/index.php\/wp-json\/wp\/v2\/users\/1"}],"replies":[{"embeddable":true,"href":"https:\/\/ussaintberthevinfootball.com\/index.php\/wp-json\/wp\/v2\/comments?post=6655"}],"version-history":[{"count":1,"href":"https:\/\/ussaintberthevinfootball.com\/index.php\/wp-json\/wp\/v2\/pages\/6655\/revisions"}],"predecessor-version":[{"id":6656,"href":"https:\/\/ussaintberthevinfootball.com\/index.php\/wp-json\/wp\/v2\/pages\/6655\/revisions\/6656"}],"wp:attachment":[{"href":"https:\/\/ussaintberthevinfootball.com\/index.php\/wp-json\/wp\/v2\/media?parent=6655"}],"curies":[{"name":"wp","href":"https:\/\/api.w.org\/{rel}","templated":true}]}}