{"id":5518,"date":"2025-09-02T15:45:31","date_gmt":"2025-09-02T13:45:31","guid":{"rendered":"https:\/\/ussaintberthevinfootball.com\/?page_id=5518"},"modified":"2025-12-05T17:43:41","modified_gmt":"2025-12-05T16:43:41","slug":"evenements","status":"publish","type":"page","link":"https:\/\/ussaintberthevinfootball.com\/index.php\/evenements\/","title":{"rendered":"Ev\u00e9nements"},"content":{"rendered":"\t\t<div data-elementor-type=\"wp-page\" data-elementor-id=\"5518\" class=\"elementor elementor-5518\">\n\t\t\t\t\t\t<section class=\"elementor-section elementor-top-section elementor-element elementor-element-b0669dd elementor-section-boxed elementor-section-height-default elementor-section-height-default\" data-id=\"b0669dd\" data-element_type=\"section\" data-e-type=\"section\">\n\t\t\t\t\t\t<div class=\"elementor-container elementor-column-gap-default\">\n\t\t\t\t\t<div class=\"elementor-column elementor-col-100 elementor-top-column elementor-element elementor-element-6b732dd\" data-id=\"6b732dd\" data-element_type=\"column\" data-e-type=\"column\">\n\t\t\t<div class=\"elementor-widget-wrap elementor-element-populated\">\n\t\t\t\t\t\t<div class=\"elementor-element elementor-element-c7f0214 elementor-widget elementor-widget-text-editor\" data-id=\"c7f0214\" data-element_type=\"widget\" data-e-type=\"widget\" data-widget_type=\"text-editor.default\">\n\t\t\t\t<div class=\"elementor-widget-container\">\n\t\t\t\t\t\t\t\t\t<h4>La saison en un coup d\u2019\u0153il \u2013 Nos \u00e9v\u00e9nements pour cette saison<\/h4><p data-start=\"293\" data-end=\"558\">Tout au long de la saison, notre club vit gr\u00e2ce \u00e0 de nombreux moments forts : comp\u00e9titions, tournois, vente et soir\u00e9es.<\/p><p data-start=\"293\" data-end=\"558\">Ces rendez-vous font battre le c\u0153ur de notre association et cr\u00e9ent des souvenirs pour petits et grands.<\/p><p data-start=\"560\" data-end=\"652\">Mais rien de tout cela ne serait possible sans l\u2019\u00e9nergie et l\u2019engagement de nos b\u00e9n\u00e9voles. N&rsquo;h\u00e9sitez pas \u00e0 nous rejoindre.<\/p><p data-start=\"560\" data-end=\"652\"><em>Certaines dates son susceptibles d&rsquo;\u00eatre modifi\u00e9e<\/em><\/p><p data-start=\"560\" data-end=\"652\"><em><br \/><\/em><strong>\ud83d\udce2 Notre traditionnelle Soir\u00e9e du Nouvel An est compl\u00e8te<\/strong><\/p>\t\t\t\t\t\t\t\t<\/div>\n\t\t\t\t<\/div>\n\t\t\t\t\t<\/div>\n\t\t<\/div>\n\t\t\t\t\t<\/div>\n\t\t<\/section>\n\t\t\t\t<section class=\"elementor-section elementor-top-section elementor-element elementor-element-e6c8cdc elementor-section-boxed elementor-section-height-default elementor-section-height-default\" data-id=\"e6c8cdc\" data-element_type=\"section\" data-e-type=\"section\">\n\t\t\t\t\t\t<div class=\"elementor-container elementor-column-gap-default\">\n\t\t\t\t\t<div class=\"elementor-column elementor-col-100 elementor-top-column elementor-element elementor-element-ec6355b\" data-id=\"ec6355b\" data-element_type=\"column\" data-e-type=\"column\">\n\t\t\t<div class=\"elementor-widget-wrap elementor-element-populated\">\n\t\t\t\t\t\t<div class=\"elementor-element elementor-element-ffc20c9 elementor-widget elementor-widget-image\" data-id=\"ffc20c9\" data-element_type=\"widget\" data-e-type=\"widget\" data-widget_type=\"image.default\">\n\t\t\t\t<div class=\"elementor-widget-container\">\n\t\t\t\t\t\t\t\t\t\t\t\t\t\t\t<img fetchpriority=\"high\" decoding=\"async\" width=\"576\" height=\"1024\" src=\"https:\/\/ussaintberthevinfootball.com\/wp-content\/uploads\/2025\/11\/583298295_18075612263587035_3275500494267384768_n-576x1024.jpg\" class=\"attachment-large size-large wp-image-7784\" alt=\"\" srcset=\"https:\/\/ussaintberthevinfootball.com\/wp-content\/uploads\/2025\/11\/583298295_18075612263587035_3275500494267384768_n-576x1024.jpg 576w, https:\/\/ussaintberthevinfootball.com\/wp-content\/uploads\/2025\/11\/583298295_18075612263587035_3275500494267384768_n-169x300.jpg 169w, https:\/\/ussaintberthevinfootball.com\/wp-content\/uploads\/2025\/11\/583298295_18075612263587035_3275500494267384768_n-768x1365.jpg 768w, https:\/\/ussaintberthevinfootball.com\/wp-content\/uploads\/2025\/11\/583298295_18075612263587035_3275500494267384768_n-864x1536.jpg 864w, https:\/\/ussaintberthevinfootball.com\/wp-content\/uploads\/2025\/11\/583298295_18075612263587035_3275500494267384768_n-72x128.jpg 72w, https:\/\/ussaintberthevinfootball.com\/wp-content\/uploads\/2025\/11\/583298295_18075612263587035_3275500494267384768_n-18x32.jpg 18w, https:\/\/ussaintberthevinfootball.com\/wp-content\/uploads\/2025\/11\/583298295_18075612263587035_3275500494267384768_n.jpg 1080w\" sizes=\"(max-width: 576px) 100vw, 576px\" \/>\t\t\t\t\t\t\t\t\t\t\t\t\t\t\t<\/div>\n\t\t\t\t<\/div>\n\t\t\t\t\t<\/div>\n\t\t<\/div>\n\t\t\t\t\t<\/div>\n\t\t<\/section>\n\t\t\t\t<section class=\"elementor-section elementor-top-section elementor-element elementor-element-57beb78 elementor-section-boxed elementor-section-height-default elementor-section-height-default\" data-id=\"57beb78\" data-element_type=\"section\" data-e-type=\"section\">\n\t\t\t\t\t\t<div class=\"elementor-container elementor-column-gap-default\">\n\t\t\t\t\t<div class=\"elementor-column elementor-col-100 elementor-top-column elementor-element elementor-element-dd777f7\" data-id=\"dd777f7\" data-element_type=\"column\" data-e-type=\"column\">\n\t\t\t<div class=\"elementor-widget-wrap elementor-element-populated\">\n\t\t\t\t\t\t<div class=\"elementor-element elementor-element-ef206db elementor-widget elementor-widget-image\" data-id=\"ef206db\" data-element_type=\"widget\" data-e-type=\"widget\" data-widget_type=\"image.default\">\n\t\t\t\t<div class=\"elementor-widget-container\">\n\t\t\t\t\t\t\t\t\t\t\t\t\t\t\t<img decoding=\"async\" width=\"724\" height=\"1024\" src=\"https:\/\/ussaintberthevinfootball.com\/wp-content\/uploads\/2025\/10\/Bilan-fin-de-saison-2024-2025_page-0041-724x1024-1.jpg\" class=\"attachment-large size-large wp-image-6406\" alt=\"\" srcset=\"https:\/\/ussaintberthevinfootball.com\/wp-content\/uploads\/2025\/10\/Bilan-fin-de-saison-2024-2025_page-0041-724x1024-1.jpg 724w, https:\/\/ussaintberthevinfootball.com\/wp-content\/uploads\/2025\/10\/Bilan-fin-de-saison-2024-2025_page-0041-724x1024-1-212x300.jpg 212w, https:\/\/ussaintberthevinfootball.com\/wp-content\/uploads\/2025\/10\/Bilan-fin-de-saison-2024-2025_page-0041-724x1024-1-91x128.jpg 91w, https:\/\/ussaintberthevinfootball.com\/wp-content\/uploads\/2025\/10\/Bilan-fin-de-saison-2024-2025_page-0041-724x1024-1-23x32.jpg 23w\" sizes=\"(max-width: 724px) 100vw, 724px\" \/>\t\t\t\t\t\t\t\t\t\t\t\t\t\t\t<\/div>\n\t\t\t\t<\/div>\n\t\t\t\t\t<\/div>\n\t\t<\/div>\n\t\t\t\t\t<\/div>\n\t\t<\/section>\n\t\t\t\t<\/div>\n\t\t","protected":false},"excerpt":{"rendered":"<p>La saison en un coup d\u2019\u0153il \u2013 Nos \u00e9v\u00e9nements pour cette saison Tout au long de la saison, notre club vit gr\u00e2ce \u00e0 de nombreux moments forts : comp\u00e9titions, tournois, vente et soir\u00e9es. Ces rendez-vous font battre le c\u0153ur de notre association et cr\u00e9ent des souvenirs pour petits et grands. Mais rien de tout cela [&hellip;]<\/p>\n","protected":false},"author":1,"featured_media":0,"parent":0,"menu_order":0,"comment_status":"closed","ping_status":"closed","template":"","meta":{"_uag_custom_page_level_css":"","site-sidebar-layout":"no-sidebar","site-content-layout":"","ast-site-content-layout":"normal-width-container","site-content-style":"default","site-sidebar-style":"default","ast-global-header-display":"","ast-banner-title-visibility":"","ast-main-header-display":"","ast-hfb-above-header-display":"","ast-hfb-below-header-display":"","ast-hfb-mobile-header-display":"","site-post-title":"","ast-breadcrumbs-content":"","ast-featured-img":"","footer-sml-layout":"","ast-disable-related-posts":"","theme-transparent-header-meta":"","adv-header-id-meta":"","stick-header-meta":"","header-above-stick-meta":"","header-main-stick-meta":"","header-below-stick-meta":"","astra-migrate-meta-layouts":"default","ast-page-background-enabled":"default","ast-page-background-meta":{"desktop":{"background-color":"var(--ast-global-color-4)","background-image":"","background-repeat":"repeat","background-position":"center center","background-size":"auto","background-attachment":"scroll","background-type":"","background-media":"","overlay-type":"","overlay-color":"","overlay-opacity":"","overlay-gradient":""},"tablet":{"background-color":"","background-image":"","background-repeat":"repeat","background-position":"center center","background-size":"auto","background-attachment":"scroll","background-type":"","background-media":"","overlay-type":"","overlay-color":"","overlay-opacity":"","overlay-gradient":""},"mobile":{"background-color":"","background-image":"","background-repeat":"repeat","background-position":"center center","background-size":"auto","background-attachment":"scroll","background-type":"","background-media":"","overlay-type":"","overlay-color":"","overlay-opacity":"","overlay-gradient":""}},"ast-content-background-meta":{"desktop":{"background-color":"var(--ast-global-color-5)","background-image":"","background-repeat":"repeat","background-position":"center center","background-size":"auto","background-attachment":"scroll","background-type":"","background-media":"","overlay-type":"","overlay-color":"","overlay-opacity":"","overlay-gradient":""},"tablet":{"background-color":"var(--ast-global-color-5)","background-image":"","background-repeat":"repeat","background-position":"center center","background-size":"auto","background-attachment":"scroll","background-type":"","background-media":"","overlay-type":"","overlay-color":"","overlay-opacity":"","overlay-gradient":""},"mobile":{"background-color":"var(--ast-global-color-5)","background-image":"","background-repeat":"repeat","background-position":"center center","background-size":"auto","background-attachment":"scroll","background-type":"","background-media":"","overlay-type":"","overlay-color":"","overlay-opacity":"","overlay-gradient":""}},"footnotes":""},"class_list":["post-5518","page","type-page","status-publish","hentry"],"uagb_featured_image_src":{"full":false,"thumbnail":false,"medium":false,"medium_large":false,"large":false,"1536x1536":false,"2048x2048":false},"uagb_author_info":{"display_name":"ussbfootball53","author_link":"https:\/\/ussaintberthevinfootball.com\/index.php\/author\/ussbfootball53\/"},"uagb_comment_info":0,"uagb_excerpt":"La saison en un coup d\u2019\u0153il \u2013 Nos \u00e9v\u00e9nements pour cette saison Tout au long de la saison, notre club vit gr\u00e2ce \u00e0 de nombreux moments forts : comp\u00e9titions, tournois, vente et soir\u00e9es. Ces rendez-vous font battre le c\u0153ur de notre association et cr\u00e9ent des souvenirs pour petits et grands. Mais rien de tout cela\u2026","_links":{"self":[{"href":"https:\/\/ussaintberthevinfootball.com\/index.php\/wp-json\/wp\/v2\/pages\/5518","targetHints":{"allow":["GET"]}}],"collection":[{"href":"https:\/\/ussaintberthevinfootball.com\/index.php\/wp-json\/wp\/v2\/pages"}],"about":[{"href":"https:\/\/ussaintberthevinfootball.com\/index.php\/wp-json\/wp\/v2\/types\/page"}],"author":[{"embeddable":true,"href":"https:\/\/ussaintberthevinfootball.com\/index.php\/wp-json\/wp\/v2\/users\/1"}],"replies":[{"embeddable":true,"href":"https:\/\/ussaintberthevinfootball.com\/index.php\/wp-json\/wp\/v2\/comments?post=5518"}],"version-history":[{"count":33,"href":"https:\/\/ussaintberthevinfootball.com\/index.php\/wp-json\/wp\/v2\/pages\/5518\/revisions"}],"predecessor-version":[{"id":8507,"href":"https:\/\/ussaintberthevinfootball.com\/index.php\/wp-json\/wp\/v2\/pages\/5518\/revisions\/8507"}],"wp:attachment":[{"href":"https:\/\/ussaintberthevinfootball.com\/index.php\/wp-json\/wp\/v2\/media?parent=5518"}],"curies":[{"name":"wp","href":"https:\/\/api.w.org\/{rel}","templated":true}]}}