{"id":5214,"date":"2025-09-01T14:24:13","date_gmt":"2025-09-01T12:24:13","guid":{"rendered":"https:\/\/ussaintberthevinfootball.com\/?page_id=5214"},"modified":"2026-01-16T15:56:29","modified_gmt":"2026-01-16T14:56:29","slug":"partenaires-2","status":"publish","type":"page","link":"https:\/\/ussaintberthevinfootball.com\/index.php\/partenaires-2\/","title":{"rendered":"Avantages Partenaires"},"content":{"rendered":"\t\t<div data-elementor-type=\"wp-page\" data-elementor-id=\"5214\" class=\"elementor elementor-5214\">\n\t\t\t\t\t\t<section class=\"elementor-section elementor-top-section elementor-element elementor-element-ca1b862 elementor-section-boxed elementor-section-height-default elementor-section-height-default\" data-id=\"ca1b862\" data-element_type=\"section\" data-e-type=\"section\">\n\t\t\t\t\t\t<div class=\"elementor-container elementor-column-gap-default\">\n\t\t\t\t\t<div class=\"elementor-column elementor-col-100 elementor-top-column elementor-element elementor-element-8ab5651\" data-id=\"8ab5651\" data-element_type=\"column\" data-e-type=\"column\">\n\t\t\t<div class=\"elementor-widget-wrap elementor-element-populated\">\n\t\t\t\t\t\t<div class=\"elementor-element elementor-element-c73ce75 elementor-widget__width-initial elementor-widget elementor-widget-image\" data-id=\"c73ce75\" data-element_type=\"widget\" data-e-type=\"widget\" data-widget_type=\"image.default\">\n\t\t\t\t<div class=\"elementor-widget-container\">\n\t\t\t\t\t\t\t\t\t\t\t\t\t\t\t\t<a href=\"https:\/\/ussaintberthevinfootball.com\/index.php\/partenaires\/\">\n\t\t\t\t\t\t\t<img fetchpriority=\"high\" decoding=\"async\" width=\"1024\" height=\"645\" src=\"https:\/\/ussaintberthevinfootball.com\/wp-content\/uploads\/2026\/01\/carte_partenaire-1024x645.png\" class=\"attachment-large size-large wp-image-9775\" alt=\"\" srcset=\"https:\/\/ussaintberthevinfootball.com\/wp-content\/uploads\/2026\/01\/carte_partenaire-1024x645.png 1024w, https:\/\/ussaintberthevinfootball.com\/wp-content\/uploads\/2026\/01\/carte_partenaire-300x189.png 300w, https:\/\/ussaintberthevinfootball.com\/wp-content\/uploads\/2026\/01\/carte_partenaire-768x483.png 768w, https:\/\/ussaintberthevinfootball.com\/wp-content\/uploads\/2026\/01\/carte_partenaire-128x81.png 128w, https:\/\/ussaintberthevinfootball.com\/wp-content\/uploads\/2026\/01\/carte_partenaire-32x20.png 32w, https:\/\/ussaintberthevinfootball.com\/wp-content\/uploads\/2026\/01\/carte_partenaire.png 1093w\" sizes=\"(max-width: 1024px) 100vw, 1024px\" \/>\t\t\t\t\t\t\t\t<\/a>\n\t\t\t\t\t\t\t\t\t\t\t\t\t\t\t<\/div>\n\t\t\t\t<\/div>\n\t\t\t\t\t<\/div>\n\t\t<\/div>\n\t\t\t\t\t<\/div>\n\t\t<\/section>\n\t\t\t\t<section class=\"elementor-section elementor-top-section elementor-element elementor-element-82e8781 elementor-section-boxed elementor-section-height-default elementor-section-height-default\" data-id=\"82e8781\" data-element_type=\"section\" data-e-type=\"section\">\n\t\t\t\t\t\t<div class=\"elementor-container elementor-column-gap-default\">\n\t\t\t\t\t<div class=\"elementor-column elementor-col-100 elementor-top-column elementor-element elementor-element-bbfb32f\" data-id=\"bbfb32f\" data-element_type=\"column\" data-e-type=\"column\">\n\t\t\t<div class=\"elementor-widget-wrap elementor-element-populated\">\n\t\t\t\t\t\t<div class=\"elementor-element elementor-element-467bc72 elementor-widget elementor-widget-spacer\" data-id=\"467bc72\" data-element_type=\"widget\" data-e-type=\"widget\" data-widget_type=\"spacer.default\">\n\t\t\t\t<div class=\"elementor-widget-container\">\n\t\t\t\t\t\t\t<div class=\"elementor-spacer\">\n\t\t\t<div class=\"elementor-spacer-inner\"><\/div>\n\t\t<\/div>\n\t\t\t\t\t\t<\/div>\n\t\t\t\t<\/div>\n\t\t\t\t\t<\/div>\n\t\t<\/div>\n\t\t\t\t\t<\/div>\n\t\t<\/section>\n\t\t\t\t<section class=\"elementor-section elementor-top-section elementor-element elementor-element-7292725 elementor-section-boxed elementor-section-height-default elementor-section-height-default\" data-id=\"7292725\" data-element_type=\"section\" data-e-type=\"section\">\n\t\t\t\t\t\t<div class=\"elementor-container elementor-column-gap-default\">\n\t\t\t\t\t<div class=\"elementor-column elementor-col-100 elementor-top-column elementor-element elementor-element-f98fb16\" data-id=\"f98fb16\" data-element_type=\"column\" data-e-type=\"column\">\n\t\t\t<div class=\"elementor-widget-wrap elementor-element-populated\">\n\t\t\t\t\t\t<div class=\"elementor-element elementor-element-8a61734 elementor-widget elementor-widget-text-editor\" data-id=\"8a61734\" data-element_type=\"widget\" data-e-type=\"widget\" data-widget_type=\"text-editor.default\">\n\t\t\t\t<div class=\"elementor-widget-container\">\n\t\t\t\t\t\t\t\t\t<p><strong data-start=\"41\" data-end=\"149\">Cette page sera bient\u00f4t d\u00e9di\u00e9e aux offres exclusives de nos partenaires r\u00e9serv\u00e9es aux licenci\u00e9s du club.<\/strong><\/p>\n<p><br \/>En attendant leur mise en ligne, n\u2019h\u00e9sitez pas \u00e0 suivre nos r\u00e9seaux sociaux pour rester inform\u00e9s en temps r\u00e9el des nouveaut\u00e9s, avantages et actualit\u00e9s du club.<\/p>\t\t\t\t\t\t\t\t<\/div>\n\t\t\t\t<\/div>\n\t\t\t\t\t<\/div>\n\t\t<\/div>\n\t\t\t\t\t<\/div>\n\t\t<\/section>\n\t\t\t\t<section class=\"elementor-section elementor-top-section elementor-element elementor-element-aed638e elementor-section-boxed elementor-section-height-default elementor-section-height-default\" data-id=\"aed638e\" data-element_type=\"section\" data-e-type=\"section\">\n\t\t\t\t\t\t<div class=\"elementor-container elementor-column-gap-default\">\n\t\t\t\t\t<div class=\"elementor-column elementor-col-100 elementor-top-column elementor-element elementor-element-1061ccc\" data-id=\"1061ccc\" data-element_type=\"column\" data-e-type=\"column\">\n\t\t\t<div class=\"elementor-widget-wrap elementor-element-populated\">\n\t\t\t\t\t\t<div class=\"elementor-element elementor-element-864273a elementor-widget elementor-widget-text-editor\" data-id=\"864273a\" data-element_type=\"widget\" data-e-type=\"widget\" data-widget_type=\"text-editor.default\">\n\t\t\t\t<div class=\"elementor-widget-container\">\n\t\t\t\t\t\t\t\t\t<p><a href=\"https:\/\/www.facebook.com\/people\/US-St-Berthevin\/100057623732804\/\" target=\"_blank\" rel=\"noopener\"><img decoding=\"async\" class=\"alignnone size-full wp-image-8578\" src=\"https:\/\/ussaintberthevinfootball.com\/wp-content\/uploads\/2025\/12\/facebook.png\" alt=\"\" width=\"65\" height=\"65\" srcset=\"https:\/\/ussaintberthevinfootball.com\/wp-content\/uploads\/2025\/12\/facebook.png 260w, https:\/\/ussaintberthevinfootball.com\/wp-content\/uploads\/2025\/12\/facebook-150x150.png 150w, https:\/\/ussaintberthevinfootball.com\/wp-content\/uploads\/2025\/12\/facebook-128x128.png 128w, https:\/\/ussaintberthevinfootball.com\/wp-content\/uploads\/2025\/12\/facebook-32x32.png 32w\" sizes=\"(max-width: 65px) 100vw, 65px\" \/><\/a> \u00a0 <a href=\"https:\/\/www.instagram.com\/ussaintberthevin\/\" target=\"_blank\" rel=\"noopener\"><img decoding=\"async\" class=\"alignnone wp-image-8579\" src=\"https:\/\/ussaintberthevinfootball.com\/wp-content\/uploads\/2025\/12\/instagram-300x300.png\" alt=\"\" width=\"65\" height=\"65\" srcset=\"https:\/\/ussaintberthevinfootball.com\/wp-content\/uploads\/2025\/12\/instagram-300x300.png 300w, https:\/\/ussaintberthevinfootball.com\/wp-content\/uploads\/2025\/12\/instagram-150x150.png 150w, https:\/\/ussaintberthevinfootball.com\/wp-content\/uploads\/2025\/12\/instagram-128x128.png 128w, https:\/\/ussaintberthevinfootball.com\/wp-content\/uploads\/2025\/12\/instagram-32x32.png 32w, https:\/\/ussaintberthevinfootball.com\/wp-content\/uploads\/2025\/12\/instagram.png 500w\" sizes=\"(max-width: 65px) 100vw, 65px\" \/><\/a> \u00a0<a href=\"https:\/\/www.tiktok.com\/@us.saintberthevin.foot\" target=\"_blank\" rel=\"noopener\"><img loading=\"lazy\" decoding=\"async\" class=\"alignnone wp-image-8580\" src=\"https:\/\/ussaintberthevinfootball.com\/wp-content\/uploads\/2025\/12\/Tiktok.png\" alt=\"\" width=\"65\" height=\"65\" srcset=\"https:\/\/ussaintberthevinfootball.com\/wp-content\/uploads\/2025\/12\/Tiktok.png 260w, https:\/\/ussaintberthevinfootball.com\/wp-content\/uploads\/2025\/12\/Tiktok-150x150.png 150w, https:\/\/ussaintberthevinfootball.com\/wp-content\/uploads\/2025\/12\/Tiktok-128x128.png 128w, https:\/\/ussaintberthevinfootball.com\/wp-content\/uploads\/2025\/12\/Tiktok-32x32.png 32w\" sizes=\"(max-width: 65px) 100vw, 65px\" \/><\/a> \u00a0 \u00a0<a href=\"https:\/\/www.linkedin.com\/company\/us-saint-berthevin-football\/posts\/?feedView=allfa\" target=\"_blank\" rel=\"noopener\"><img loading=\"lazy\" decoding=\"async\" class=\"alignnone wp-image-8581\" src=\"https:\/\/ussaintberthevinfootball.com\/wp-content\/uploads\/2025\/12\/Linkedin.png\" alt=\"\" width=\"65\" height=\"65\" srcset=\"https:\/\/ussaintberthevinfootball.com\/wp-content\/uploads\/2025\/12\/Linkedin.png 250w, https:\/\/ussaintberthevinfootball.com\/wp-content\/uploads\/2025\/12\/Linkedin-150x150.png 150w, https:\/\/ussaintberthevinfootball.com\/wp-content\/uploads\/2025\/12\/Linkedin-128x128.png 128w, https:\/\/ussaintberthevinfootball.com\/wp-content\/uploads\/2025\/12\/Linkedin-32x32.png 32w\" sizes=\"(max-width: 65px) 100vw, 65px\" \/><\/a><\/p>\t\t\t\t\t\t\t\t<\/div>\n\t\t\t\t<\/div>\n\t\t\t\t\t<\/div>\n\t\t<\/div>\n\t\t\t\t\t<\/div>\n\t\t<\/section>\n\t\t\t\t<section class=\"elementor-section elementor-top-section elementor-element elementor-element-8a5781f elementor-section-boxed elementor-section-height-default elementor-section-height-default\" data-id=\"8a5781f\" data-element_type=\"section\" data-e-type=\"section\">\n\t\t\t\t\t\t<div class=\"elementor-container elementor-column-gap-default\">\n\t\t\t\t\t<div class=\"elementor-column elementor-col-100 elementor-top-column elementor-element elementor-element-fecc14c\" data-id=\"fecc14c\" data-element_type=\"column\" data-e-type=\"column\">\n\t\t\t<div class=\"elementor-widget-wrap elementor-element-populated\">\n\t\t\t\t\t\t<div class=\"elementor-element elementor-element-45fb481 elementor-widget elementor-widget-heading\" data-id=\"45fb481\" data-element_type=\"widget\" data-e-type=\"widget\" data-widget_type=\"heading.default\">\n\t\t\t\t<div class=\"elementor-widget-container\">\n\t\t\t\t\t<h2 class=\"elementor-heading-title elementor-size-default\"><a href=\"https:\/\/ussaintberthevinfootball.com\/index.php\/partenaires\/\" target=\"_blank\">Retrouvez ici la liste de nos partenaires<\/a><\/h2>\t\t\t\t<\/div>\n\t\t\t\t<\/div>\n\t\t\t\t\t<\/div>\n\t\t<\/div>\n\t\t\t\t\t<\/div>\n\t\t<\/section>\n\t\t\t\t<\/div>\n\t\t","protected":false},"excerpt":{"rendered":"<p>Cette page sera bient\u00f4t d\u00e9di\u00e9e aux offres exclusives de nos partenaires r\u00e9serv\u00e9es aux licenci\u00e9s du club. En attendant leur mise en ligne, n\u2019h\u00e9sitez pas \u00e0 suivre nos r\u00e9seaux sociaux pour rester inform\u00e9s en temps r\u00e9el des nouveaut\u00e9s, avantages et actualit\u00e9s du club. \u00a0 \u00a0 \u00a0 \u00a0 Retrouvez ici la liste de nos partenaires<\/p>\n","protected":false},"author":1,"featured_media":0,"parent":0,"menu_order":0,"comment_status":"closed","ping_status":"closed","template":"","meta":{"_uag_custom_page_level_css":"","site-sidebar-layout":"no-sidebar","site-content-layout":"","ast-site-content-layout":"normal-width-container","site-content-style":"default","site-sidebar-style":"boxed","ast-global-header-display":"","ast-banner-title-visibility":"","ast-main-header-display":"","ast-hfb-above-header-display":"","ast-hfb-below-header-display":"","ast-hfb-mobile-header-display":"","site-post-title":"disabled","ast-breadcrumbs-content":"","ast-featured-img":"","footer-sml-layout":"disabled","ast-disable-related-posts":"","theme-transparent-header-meta":"default","adv-header-id-meta":"","stick-header-meta":"","header-above-stick-meta":"","header-main-stick-meta":"","header-below-stick-meta":"","astra-migrate-meta-layouts":"default","ast-page-background-enabled":"default","ast-page-background-meta":{"desktop":{"background-color":"var(--ast-global-color-4)","background-image":"","background-repeat":"repeat","background-position":"center center","background-size":"auto","background-attachment":"scroll","background-type":"","background-media":"","overlay-type":"","overlay-color":"","overlay-opacity":"","overlay-gradient":""},"tablet":{"background-color":"","background-image":"","background-repeat":"repeat","background-position":"center center","background-size":"auto","background-attachment":"scroll","background-type":"","background-media":"","overlay-type":"","overlay-color":"","overlay-opacity":"","overlay-gradient":""},"mobile":{"background-color":"","background-image":"","background-repeat":"repeat","background-position":"center center","background-size":"auto","background-attachment":"scroll","background-type":"","background-media":"","overlay-type":"","overlay-color":"","overlay-opacity":"","overlay-gradient":""}},"ast-content-background-meta":{"desktop":{"background-color":"var(--ast-global-color-5)","background-image":"","background-repeat":"repeat","background-position":"center center","background-size":"auto","background-attachment":"scroll","background-type":"","background-media":"","overlay-type":"","overlay-color":"","overlay-opacity":"","overlay-gradient":""},"tablet":{"background-color":"var(--ast-global-color-5)","background-image":"","background-repeat":"repeat","background-position":"center center","background-size":"auto","background-attachment":"scroll","background-type":"","background-media":"","overlay-type":"","overlay-color":"","overlay-opacity":"","overlay-gradient":""},"mobile":{"background-color":"var(--ast-global-color-5)","background-image":"","background-repeat":"repeat","background-position":"center center","background-size":"auto","background-attachment":"scroll","background-type":"","background-media":"","overlay-type":"","overlay-color":"","overlay-opacity":"","overlay-gradient":""}},"footnotes":""},"class_list":["post-5214","page","type-page","status-publish","hentry"],"uagb_featured_image_src":{"full":false,"thumbnail":false,"medium":false,"medium_large":false,"large":false,"1536x1536":false,"2048x2048":false},"uagb_author_info":{"display_name":"ussbfootball53","author_link":"https:\/\/ussaintberthevinfootball.com\/index.php\/author\/ussbfootball53\/"},"uagb_comment_info":0,"uagb_excerpt":"Cette page sera bient\u00f4t d\u00e9di\u00e9e aux offres exclusives de nos partenaires r\u00e9serv\u00e9es aux licenci\u00e9s du club. En attendant leur mise en ligne, n\u2019h\u00e9sitez pas \u00e0 suivre nos r\u00e9seaux sociaux pour rester inform\u00e9s en temps r\u00e9el des nouveaut\u00e9s, avantages et actualit\u00e9s du club. \u00a0 \u00a0 \u00a0 \u00a0 Retrouvez ici la liste de nos partenaires","_links":{"self":[{"href":"https:\/\/ussaintberthevinfootball.com\/index.php\/wp-json\/wp\/v2\/pages\/5214","targetHints":{"allow":["GET"]}}],"collection":[{"href":"https:\/\/ussaintberthevinfootball.com\/index.php\/wp-json\/wp\/v2\/pages"}],"about":[{"href":"https:\/\/ussaintberthevinfootball.com\/index.php\/wp-json\/wp\/v2\/types\/page"}],"author":[{"embeddable":true,"href":"https:\/\/ussaintberthevinfootball.com\/index.php\/wp-json\/wp\/v2\/users\/1"}],"replies":[{"embeddable":true,"href":"https:\/\/ussaintberthevinfootball.com\/index.php\/wp-json\/wp\/v2\/comments?post=5214"}],"version-history":[{"count":248,"href":"https:\/\/ussaintberthevinfootball.com\/index.php\/wp-json\/wp\/v2\/pages\/5214\/revisions"}],"predecessor-version":[{"id":9931,"href":"https:\/\/ussaintberthevinfootball.com\/index.php\/wp-json\/wp\/v2\/pages\/5214\/revisions\/9931"}],"wp:attachment":[{"href":"https:\/\/ussaintberthevinfootball.com\/index.php\/wp-json\/wp\/v2\/media?parent=5214"}],"curies":[{"name":"wp","href":"https:\/\/api.w.org\/{rel}","templated":true}]}}