{"id":273,"date":"2020-09-25T17:32:54","date_gmt":"2020-09-25T15:32:54","guid":{"rendered":"http:\/\/ussaintberthevinfootball.com\/?page_id=273"},"modified":"2025-12-05T17:26:52","modified_gmt":"2025-12-05T16:26:52","slug":"le-comite-directeur","status":"publish","type":"page","link":"https:\/\/ussaintberthevinfootball.com\/index.php\/le-comite-directeur\/","title":{"rendered":"Le comit\u00e9 directeur"},"content":{"rendered":"\t\t<div data-elementor-type=\"wp-page\" data-elementor-id=\"273\" class=\"elementor elementor-273\">\n\t\t\t\t\t\t<section class=\"elementor-section elementor-top-section elementor-element elementor-element-288b79b elementor-section-boxed elementor-section-height-default elementor-section-height-default\" data-id=\"288b79b\" data-element_type=\"section\" data-e-type=\"section\">\n\t\t\t\t\t\t<div class=\"elementor-container elementor-column-gap-default\">\n\t\t\t\t\t<div class=\"elementor-column elementor-col-100 elementor-top-column elementor-element elementor-element-14008ec5\" data-id=\"14008ec5\" data-element_type=\"column\" data-e-type=\"column\">\n\t\t\t<div class=\"elementor-widget-wrap elementor-element-populated\">\n\t\t\t\t\t\t<div class=\"elementor-element elementor-element-31c7deef elementor-widget elementor-widget-text-editor\" data-id=\"31c7deef\" data-element_type=\"widget\" data-e-type=\"widget\" data-widget_type=\"text-editor.default\">\n\t\t\t\t<div class=\"elementor-widget-container\">\n\t\t\t\t\t\t\t\t\t\n<p><strong>Co-pr\u00e9sidents :<\/strong> S\u00e9bastien Gegu, Bruno Roguet<\/p>\n\n<p><strong>Vices-pr\u00e9sidents :<\/strong> Alexis Gandon, Kevin Gasdeblay, Guillaume Le Bosse, Laurent Lidouren, Ludovic Vannier<\/p>\n\n<p><strong>Secr\u00e9taires:<\/strong> S\u00e9bastien M\u00e9senge, C\u00e9dric Lecapitaine<\/p>\n\n<p><strong>Tr\u00e9soriers :<\/strong> Eric Laversa, Jean-Marc Bord\u00e8re<\/p>\n\n<p><strong>Membres :<\/strong> Emmanuel Brin, Jean-Fran\u00e7ois Cochet, Arthur Decout, Pascal Glassier, Dorian Guerot, C\u00e9dric Lecapitaine, Gregory Lheureux, St\u00e9phane Quinton, Vincent Sabl\u00e9.<\/p>\n\t\t\t\t\t\t\t\t<\/div>\n\t\t\t\t<\/div>\n\t\t\t\t\t<\/div>\n\t\t<\/div>\n\t\t\t\t\t<\/div>\n\t\t<\/section>\n\t\t\t\t<section class=\"elementor-section elementor-top-section elementor-element elementor-element-4bb9995 elementor-section-boxed elementor-section-height-default elementor-section-height-default\" data-id=\"4bb9995\" data-element_type=\"section\" data-e-type=\"section\">\n\t\t\t\t\t\t<div class=\"elementor-container elementor-column-gap-default\">\n\t\t\t\t\t<div class=\"elementor-column elementor-col-100 elementor-top-column elementor-element elementor-element-0052718\" data-id=\"0052718\" data-element_type=\"column\" data-e-type=\"column\">\n\t\t\t<div class=\"elementor-widget-wrap elementor-element-populated\">\n\t\t\t\t\t\t<div class=\"elementor-element elementor-element-99fe0fb elementor-widget elementor-widget-image\" data-id=\"99fe0fb\" data-element_type=\"widget\" data-e-type=\"widget\" data-widget_type=\"image.default\">\n\t\t\t\t<div class=\"elementor-widget-container\">\n\t\t\t\t\t\t\t\t\t\t\t\t\t\t\t\t\n\t\t\t\t\t\t\t<img fetchpriority=\"high\" decoding=\"async\" width=\"1017\" height=\"571\" src=\"https:\/\/ussaintberthevinfootball.com\/wp-content\/uploads\/2025\/10\/codir.jpg\" class=\"attachment-large size-large wp-image-6756 ml-lightbox-enabled\" alt=\"\" srcset=\"https:\/\/ussaintberthevinfootball.com\/wp-content\/uploads\/2025\/10\/codir.jpg 1017w, https:\/\/ussaintberthevinfootball.com\/wp-content\/uploads\/2025\/10\/codir-300x168.jpg 300w, https:\/\/ussaintberthevinfootball.com\/wp-content\/uploads\/2025\/10\/codir-768x431.jpg 768w, https:\/\/ussaintberthevinfootball.com\/wp-content\/uploads\/2025\/10\/codir-128x72.jpg 128w, https:\/\/ussaintberthevinfootball.com\/wp-content\/uploads\/2025\/10\/codir-32x18.jpg 32w\" sizes=\"(max-width: 1017px) 100vw, 1017px\" \/>\t\t\t\t\t\t\t\t\n\t\t\t\t\t\t\t\t\t\t\t\t\t\t\t<\/div>\n\t\t\t\t<\/div>\n\t\t\t\t\t<\/div>\n\t\t<\/div>\n\t\t\t\t\t<\/div>\n\t\t<\/section>\n\t\t\t\t<section class=\"elementor-section elementor-top-section elementor-element elementor-element-67dbaac elementor-section-boxed elementor-section-height-default elementor-section-height-default\" data-id=\"67dbaac\" data-element_type=\"section\" data-e-type=\"section\">\n\t\t\t\t\t\t<div class=\"elementor-container elementor-column-gap-default\">\n\t\t\t\t\t<div class=\"elementor-column elementor-col-100 elementor-top-column elementor-element elementor-element-3cc6897\" data-id=\"3cc6897\" data-element_type=\"column\" data-e-type=\"column\">\n\t\t\t<div class=\"elementor-widget-wrap elementor-element-populated\">\n\t\t\t\t\t\t<div class=\"elementor-element elementor-element-912cc2a elementor-widget elementor-widget-text-editor\" data-id=\"912cc2a\" data-element_type=\"widget\" data-e-type=\"widget\" data-widget_type=\"text-editor.default\">\n\t\t\t\t<div class=\"elementor-widget-container\">\n\t\t\t\t\t\t\t\t\t\n<div class=\"alignnormal\"><div id=\"metaslider-id-5002\" style=\"width: 100%; margin: 0 auto;\" class=\"ml-slider-3-108-0 metaslider metaslider-flex metaslider-5002 ml-slider has-dots-onhover-navigation ml-slider-lightbox-2-22-0 lightbox-disabled ms-theme-default-base\" role=\"region\" aria-label=\"Comit\u00e9 Directeur\" data-height=\"788\" data-width=\"940\">\n    <div id=\"metaslider_container_5002\">\n        <div id=\"metaslider_5002\">\n            <ul class='slides'>\n                <li style=\"display: block; width: 100%;\" class=\"slide-6166 ms-image \" aria-roledescription=\"slide\" data-date=\"2025-09-22 14:16:55\" data-filename=\"Comite-Directeur-2024-2025-Pole-Support-V2.jpg\" data-slide-type=\"image\"><img decoding=\"async\" src=\"https:\/\/ussaintberthevinfootball.com\/wp-content\/uploads\/2025\/06\/Comite-Directeur-2024-2025-Pole-Support-V2.jpg\" height=\"788\" width=\"940\" alt=\"\" class=\"slider-5002 slide-6166 msDefaultImage\" title=\"Comite-Directeur-2024-2025-Pole-Support-V2\" \/><\/li>\n                <li style=\"display: none; width: 100%;\" class=\"slide-6167 ms-image \" aria-roledescription=\"slide\" data-date=\"2025-09-22 14:17:01\" data-filename=\"Comite-Directeur-2024-2025-Pole-Sportif-V2.jpg\" data-slide-type=\"image\"><img decoding=\"async\" src=\"https:\/\/ussaintberthevinfootball.com\/wp-content\/uploads\/2025\/06\/Comite-Directeur-2024-2025-Pole-Sportif-V2.jpg\" height=\"788\" width=\"940\" alt=\"\" class=\"slider-5002 slide-6167 msDefaultImage\" title=\"Comite-Directeur-2024-2025-Pole-Sportif-V2\" \/><\/li>\n            <\/ul>\n        <\/div>\n        \n    <\/div>\n<\/div><\/div>\n\t\t\t\t\t\t\t\t<\/div>\n\t\t\t\t<\/div>\n\t\t\t\t\t<\/div>\n\t\t<\/div>\n\t\t\t\t\t<\/div>\n\t\t<\/section>\n\t\t\t\t<section class=\"elementor-section elementor-top-section elementor-element elementor-element-7e7e599 elementor-section-boxed elementor-section-height-default elementor-section-height-default\" data-id=\"7e7e599\" data-element_type=\"section\" data-e-type=\"section\">\n\t\t\t\t\t\t<div class=\"elementor-container elementor-column-gap-default\">\n\t\t\t\t\t<div class=\"elementor-column elementor-col-100 elementor-top-column elementor-element elementor-element-cf69fa6\" data-id=\"cf69fa6\" data-element_type=\"column\" data-e-type=\"column\">\n\t\t\t<div class=\"elementor-widget-wrap elementor-element-populated\">\n\t\t\t\t\t\t<div class=\"elementor-element elementor-element-3a52a55 elementor-widget elementor-widget-text-editor\" data-id=\"3a52a55\" data-element_type=\"widget\" data-e-type=\"widget\" data-widget_type=\"text-editor.default\">\n\t\t\t\t<div class=\"elementor-widget-container\">\n\t\t\t\t\t\t\t\t\t<p><strong>Les objectifs prioritaires<\/strong> du comit\u00e9 directeur pour les prochaines ann\u00e9es:<\/p>\n<p><!-- \/wp:paragraph --><!-- wp:list --><\/p>\n<ul class=\"wp-block-list\">\n<li style=\"list-style-type: none;\">\n<ul class=\"wp-block-list\"><!-- wp:list-item --><\/ul>\n<\/li>\n<\/ul>\n<ul class=\"wp-block-list\">\n<li style=\"list-style-type: none;\">\n<ul class=\"wp-block-list\">\n<li>Renforcer <strong>l\u2019IDENTITE ET LE RAYONNEMENT\u00a0<\/strong>du club en s\u2019appuyant sur des valeurs de solidarit\u00e9 et d\u2019unit\u00e9.<\/li>\n<\/ul>\n<\/li>\n<\/ul>\n<p><!-- \/wp:list-item --><!-- wp:list-item --><\/p>\n<ul class=\"wp-block-list\">\n<li style=\"list-style-type: none;\">\n<ul class=\"wp-block-list\">\n<li>Contribuer au\u00a0<strong>DEVELOPPEMENT\u00a0<\/strong>du club et de ses diff\u00e9rentes entit\u00e9s.<\/li>\n<\/ul>\n<\/li>\n<\/ul>\n<p><!-- \/wp:list-item --><!-- wp:list-item --><\/p>\n<ul class=\"wp-block-list\">\n<li style=\"list-style-type: none;\">\n<ul class=\"wp-block-list\">\n<li>Participer \u00e0 l\u2019<strong>EPANOUISSEMENT, \u00e0 la REUSSITE<\/strong>\u00a0et \u00e0 la\u00a0<strong>FIDELISATION<\/strong>\u00a0des diff\u00e9rents acteurs impliqu\u00e9s dans la vie du club.<\/li>\n<\/ul>\n<\/li>\n<\/ul>\t\t\t\t\t\t\t\t<\/div>\n\t\t\t\t<\/div>\n\t\t\t\t\t<\/div>\n\t\t<\/div>\n\t\t\t\t\t<\/div>\n\t\t<\/section>\n\t\t\t\t<\/div>\n\t\t","protected":false},"excerpt":{"rendered":"<p>Co-pr\u00e9sidents : S\u00e9bastien Gegu, Bruno Roguet Vices-pr\u00e9sidents : Alexis Gandon, Kevin Gasdeblay, Guillaume Le Bosse, Laurent Lidouren, Ludovic Vannier Secr\u00e9taires: S\u00e9bastien M\u00e9senge, C\u00e9dric Lecapitaine Tr\u00e9soriers : Eric Laversa, Jean-Marc Bord\u00e8re Membres : Emmanuel Brin, Jean-Fran\u00e7ois Cochet, Arthur Decout, Pascal Glassier, Dorian Guerot, C\u00e9dric Lecapitaine, Gregory Lheureux, St\u00e9phane Quinton, Vincent Sabl\u00e9. Les objectifs prioritaires du comit\u00e9 [&hellip;]<\/p>\n","protected":false},"author":1,"featured_media":0,"parent":0,"menu_order":0,"comment_status":"closed","ping_status":"closed","template":"","meta":{"_uag_custom_page_level_css":"","site-sidebar-layout":"no-sidebar","site-content-layout":"","ast-site-content-layout":"normal-width-container","site-content-style":"default","site-sidebar-style":"default","ast-global-header-display":"","ast-banner-title-visibility":"","ast-main-header-display":"","ast-hfb-above-header-display":"","ast-hfb-below-header-display":"","ast-hfb-mobile-header-display":"","site-post-title":"","ast-breadcrumbs-content":"","ast-featured-img":"","footer-sml-layout":"","ast-disable-related-posts":"","theme-transparent-header-meta":"","adv-header-id-meta":"","stick-header-meta":"","header-above-stick-meta":"","header-main-stick-meta":"","header-below-stick-meta":"","astra-migrate-meta-layouts":"default","ast-page-background-enabled":"default","ast-page-background-meta":{"desktop":{"background-color":"var(--ast-global-color-4)","background-image":"","background-repeat":"repeat","background-position":"center center","background-size":"auto","background-attachment":"scroll","background-type":"","background-media":"","overlay-type":"","overlay-color":"","overlay-opacity":"","overlay-gradient":""},"tablet":{"background-color":"","background-image":"","background-repeat":"repeat","background-position":"center center","background-size":"auto","background-attachment":"scroll","background-type":"","background-media":"","overlay-type":"","overlay-color":"","overlay-opacity":"","overlay-gradient":""},"mobile":{"background-color":"","background-image":"","background-repeat":"repeat","background-position":"center center","background-size":"auto","background-attachment":"scroll","background-type":"","background-media":"","overlay-type":"","overlay-color":"","overlay-opacity":"","overlay-gradient":""}},"ast-content-background-meta":{"desktop":{"background-color":"var(--ast-global-color-5)","background-image":"","background-repeat":"repeat","background-position":"center center","background-size":"auto","background-attachment":"scroll","background-type":"","background-media":"","overlay-type":"","overlay-color":"","overlay-opacity":"","overlay-gradient":""},"tablet":{"background-color":"var(--ast-global-color-5)","background-image":"","background-repeat":"repeat","background-position":"center center","background-size":"auto","background-attachment":"scroll","background-type":"","background-media":"","overlay-type":"","overlay-color":"","overlay-opacity":"","overlay-gradient":""},"mobile":{"background-color":"var(--ast-global-color-5)","background-image":"","background-repeat":"repeat","background-position":"center center","background-size":"auto","background-attachment":"scroll","background-type":"","background-media":"","overlay-type":"","overlay-color":"","overlay-opacity":"","overlay-gradient":""}},"footnotes":""},"class_list":["post-273","page","type-page","status-publish","hentry"],"uagb_featured_image_src":{"full":false,"thumbnail":false,"medium":false,"medium_large":false,"large":false,"1536x1536":false,"2048x2048":false},"uagb_author_info":{"display_name":"ussbfootball53","author_link":"https:\/\/ussaintberthevinfootball.com\/index.php\/author\/ussbfootball53\/"},"uagb_comment_info":0,"uagb_excerpt":"Co-pr\u00e9sidents : S\u00e9bastien Gegu, Bruno Roguet Vices-pr\u00e9sidents : Alexis Gandon, Kevin Gasdeblay, Guillaume Le Bosse, Laurent Lidouren, Ludovic Vannier Secr\u00e9taires: S\u00e9bastien M\u00e9senge, C\u00e9dric Lecapitaine Tr\u00e9soriers : Eric Laversa, Jean-Marc Bord\u00e8re Membres : Emmanuel Brin, Jean-Fran\u00e7ois Cochet, Arthur Decout, Pascal Glassier, Dorian Guerot, C\u00e9dric Lecapitaine, Gregory Lheureux, St\u00e9phane Quinton, Vincent Sabl\u00e9. Les objectifs prioritaires du comit\u00e9\u2026","_links":{"self":[{"href":"https:\/\/ussaintberthevinfootball.com\/index.php\/wp-json\/wp\/v2\/pages\/273","targetHints":{"allow":["GET"]}}],"collection":[{"href":"https:\/\/ussaintberthevinfootball.com\/index.php\/wp-json\/wp\/v2\/pages"}],"about":[{"href":"https:\/\/ussaintberthevinfootball.com\/index.php\/wp-json\/wp\/v2\/types\/page"}],"author":[{"embeddable":true,"href":"https:\/\/ussaintberthevinfootball.com\/index.php\/wp-json\/wp\/v2\/users\/1"}],"replies":[{"embeddable":true,"href":"https:\/\/ussaintberthevinfootball.com\/index.php\/wp-json\/wp\/v2\/comments?post=273"}],"version-history":[{"count":33,"href":"https:\/\/ussaintberthevinfootball.com\/index.php\/wp-json\/wp\/v2\/pages\/273\/revisions"}],"predecessor-version":[{"id":8468,"href":"https:\/\/ussaintberthevinfootball.com\/index.php\/wp-json\/wp\/v2\/pages\/273\/revisions\/8468"}],"wp:attachment":[{"href":"https:\/\/ussaintberthevinfootball.com\/index.php\/wp-json\/wp\/v2\/media?parent=273"}],"curies":[{"name":"wp","href":"https:\/\/api.w.org\/{rel}","templated":true}]}}