{"id":253,"date":"2020-09-25T15:13:05","date_gmt":"2020-09-25T13:13:05","guid":{"rendered":"http:\/\/ussaintberthevinfootball.com\/?page_id=253"},"modified":"2025-12-17T11:15:58","modified_gmt":"2025-12-17T10:15:58","slug":"feminines","status":"publish","type":"page","link":"https:\/\/ussaintberthevinfootball.com\/index.php\/feminines\/","title":{"rendered":"F\u00e9minines"},"content":{"rendered":"\t\t<div data-elementor-type=\"wp-page\" data-elementor-id=\"253\" class=\"elementor elementor-253\">\n\t\t\t\t\t\t<section class=\"elementor-section elementor-top-section elementor-element elementor-element-e445f44 elementor-section-boxed elementor-section-height-default elementor-section-height-default\" data-id=\"e445f44\" data-element_type=\"section\" data-e-type=\"section\">\n\t\t\t\t\t\t<div class=\"elementor-container elementor-column-gap-default\">\n\t\t\t\t\t<div class=\"elementor-column elementor-col-100 elementor-top-column elementor-element elementor-element-ea4c3ac\" data-id=\"ea4c3ac\" data-element_type=\"column\" data-e-type=\"column\">\n\t\t\t<div class=\"elementor-widget-wrap elementor-element-populated\">\n\t\t\t\t\t\t<div class=\"elementor-element elementor-element-e6b8253 elementor-widget elementor-widget-heading\" data-id=\"e6b8253\" data-element_type=\"widget\" data-e-type=\"widget\" data-widget_type=\"heading.default\">\n\t\t\t\t<div class=\"elementor-widget-container\">\n\t\t\t\t\t<h4 class=\"elementor-heading-title elementor-size-default\">Responsable : <span style=\"font-style: inherit;font-weight: inherit\">Philippe BEAULIEU (06.18.96.83.13)<\/span><br>\n<!-- \/wp:paragraph --><!-- wp:paragraph -->\n<span style=\"font-style: inherit;font-weight: inherit\">&nbsp;<\/span><\/h4>\t\t\t\t<\/div>\n\t\t\t\t<\/div>\n\t\t\t\t\t<\/div>\n\t\t<\/div>\n\t\t\t\t\t<\/div>\n\t\t<\/section>\n\t\t\t\t<section class=\"elementor-section elementor-top-section elementor-element elementor-element-03ec09b elementor-section-boxed elementor-section-height-default elementor-section-height-default\" data-id=\"03ec09b\" data-element_type=\"section\" data-e-type=\"section\">\n\t\t\t\t\t\t<div class=\"elementor-container elementor-column-gap-default\">\n\t\t\t\t\t<div class=\"elementor-column elementor-col-100 elementor-top-column elementor-element elementor-element-7699b7c\" data-id=\"7699b7c\" data-element_type=\"column\" data-e-type=\"column\">\n\t\t\t<div class=\"elementor-widget-wrap elementor-element-populated\">\n\t\t\t\t\t\t<div class=\"elementor-element elementor-element-fef5442 elementor-widget__width-initial elementor-widget elementor-widget-image\" data-id=\"fef5442\" data-element_type=\"widget\" data-e-type=\"widget\" data-widget_type=\"image.default\">\n\t\t\t\t<div class=\"elementor-widget-container\">\n\t\t\t\t\t\t\t\t\t\t\t\t\t\t\t<img fetchpriority=\"high\" decoding=\"async\" width=\"1024\" height=\"683\" src=\"https:\/\/ussaintberthevinfootball.com\/wp-content\/uploads\/2025\/12\/559982359_1275811567682956_581409982876684416_n-1024x683.jpg\" class=\"attachment-large size-large wp-image-9180\" alt=\"\" srcset=\"https:\/\/ussaintberthevinfootball.com\/wp-content\/uploads\/2025\/12\/559982359_1275811567682956_581409982876684416_n-1024x683.jpg 1024w, https:\/\/ussaintberthevinfootball.com\/wp-content\/uploads\/2025\/12\/559982359_1275811567682956_581409982876684416_n-300x200.jpg 300w, https:\/\/ussaintberthevinfootball.com\/wp-content\/uploads\/2025\/12\/559982359_1275811567682956_581409982876684416_n-768x512.jpg 768w, https:\/\/ussaintberthevinfootball.com\/wp-content\/uploads\/2025\/12\/559982359_1275811567682956_581409982876684416_n-1536x1025.jpg 1536w, https:\/\/ussaintberthevinfootball.com\/wp-content\/uploads\/2025\/12\/559982359_1275811567682956_581409982876684416_n-128x85.jpg 128w, https:\/\/ussaintberthevinfootball.com\/wp-content\/uploads\/2025\/12\/559982359_1275811567682956_581409982876684416_n-32x21.jpg 32w, https:\/\/ussaintberthevinfootball.com\/wp-content\/uploads\/2025\/12\/559982359_1275811567682956_581409982876684416_n.jpg 2048w\" sizes=\"(max-width: 1024px) 100vw, 1024px\" \/>\t\t\t\t\t\t\t\t\t\t\t\t\t\t\t<\/div>\n\t\t\t\t<\/div>\n\t\t\t\t\t<\/div>\n\t\t<\/div>\n\t\t\t\t\t<\/div>\n\t\t<\/section>\n\t\t\t\t<section class=\"elementor-section elementor-top-section elementor-element elementor-element-63c3c5bd elementor-section-boxed elementor-section-height-default elementor-section-height-default\" data-id=\"63c3c5bd\" data-element_type=\"section\" data-e-type=\"section\">\n\t\t\t\t\t\t<div class=\"elementor-container elementor-column-gap-default\">\n\t\t\t\t\t<div class=\"elementor-column elementor-col-100 elementor-top-column elementor-element elementor-element-3abe795a\" data-id=\"3abe795a\" data-element_type=\"column\" data-e-type=\"column\">\n\t\t\t<div class=\"elementor-widget-wrap elementor-element-populated\">\n\t\t\t\t\t\t<div class=\"elementor-element elementor-element-33c3b03e elementor-widget elementor-widget-text-editor\" data-id=\"33c3b03e\" data-element_type=\"widget\" data-e-type=\"widget\" data-widget_type=\"text-editor.default\">\n\t\t\t\t<div class=\"elementor-widget-container\">\n\t\t\t\t\t\t\t\t\t<!-- wp:paragraph -->\n<p>Nous sommes heureux d\u2019annoncer la nouvelle entente entre l\u2019U.S. Saint Pierre la Cour \/ Port-Brillet et l\u2019U.S. Saint-Berthevin pour la cat\u00e9gorie f\u00e9minine.<\/p>\n<!-- \/wp:paragraph --><!-- wp:paragraph -->\n<p>Unis, nous avons \u00e0 c\u0153ur de continuer \u00e0 faire grandir le football f\u00e9minin en Mayenne !<\/p>\n<!-- \/wp:paragraph --><!-- wp:image {\"id\":5275,\"width\":\"715px\",\"height\":\"auto\",\"sizeSlug\":\"large\",\"linkDestination\":\"none\",\"align\":\"center\"} --><!-- \/wp:image --><!-- wp:paragraph -->\n<p>\u00a0<\/p>\n<!-- \/wp:paragraph -->\t\t\t\t\t\t\t\t<\/div>\n\t\t\t\t<\/div>\n\t\t\t\t\t<\/div>\n\t\t<\/div>\n\t\t\t\t\t<\/div>\n\t\t<\/section>\n\t\t\t\t<section class=\"elementor-section elementor-top-section elementor-element elementor-element-af24706 elementor-section-boxed elementor-section-height-default elementor-section-height-default\" data-id=\"af24706\" data-element_type=\"section\" data-e-type=\"section\">\n\t\t\t\t\t\t<div class=\"elementor-container elementor-column-gap-default\">\n\t\t\t\t\t<div class=\"elementor-column elementor-col-100 elementor-top-column elementor-element elementor-element-1179b46\" data-id=\"1179b46\" data-element_type=\"column\" data-e-type=\"column\">\n\t\t\t<div class=\"elementor-widget-wrap elementor-element-populated\">\n\t\t\t\t\t\t<div class=\"elementor-element elementor-element-cef44ed elementor-widget__width-initial elementor-widget elementor-widget-image\" data-id=\"cef44ed\" data-element_type=\"widget\" data-e-type=\"widget\" data-widget_type=\"image.default\">\n\t\t\t\t<div class=\"elementor-widget-container\">\n\t\t\t\t\t\t\t\t\t\t\t\t\t\t\t\t\n\t\t\t\t\t\t\t<img decoding=\"async\" width=\"819\" height=\"1024\" src=\"https:\/\/ussaintberthevinfootball.com\/wp-content\/uploads\/2025\/08\/539293497_1344274407707633_7226879260742678883_n-819x1024.jpg\" class=\"attachment-large size-large wp-image-5275 ml-lightbox-enabled\" alt=\"\" srcset=\"https:\/\/ussaintberthevinfootball.com\/wp-content\/uploads\/2025\/08\/539293497_1344274407707633_7226879260742678883_n-819x1024.jpg 819w, https:\/\/ussaintberthevinfootball.com\/wp-content\/uploads\/2025\/08\/539293497_1344274407707633_7226879260742678883_n-240x300.jpg 240w, https:\/\/ussaintberthevinfootball.com\/wp-content\/uploads\/2025\/08\/539293497_1344274407707633_7226879260742678883_n-768x960.jpg 768w, https:\/\/ussaintberthevinfootball.com\/wp-content\/uploads\/2025\/08\/539293497_1344274407707633_7226879260742678883_n-102x128.jpg 102w, https:\/\/ussaintberthevinfootball.com\/wp-content\/uploads\/2025\/08\/539293497_1344274407707633_7226879260742678883_n-26x32.jpg 26w, https:\/\/ussaintberthevinfootball.com\/wp-content\/uploads\/2025\/08\/539293497_1344274407707633_7226879260742678883_n.jpg 1080w\" sizes=\"(max-width: 819px) 100vw, 819px\" \/>\t\t\t\t\t\t\t\t\n\t\t\t\t\t\t\t\t\t\t\t\t\t\t\t<\/div>\n\t\t\t\t<\/div>\n\t\t\t\t\t<\/div>\n\t\t<\/div>\n\t\t\t\t\t<\/div>\n\t\t<\/section>\n\t\t\t\t<section class=\"elementor-section elementor-top-section elementor-element elementor-element-996d6cf elementor-section-boxed elementor-section-height-default elementor-section-height-default\" data-id=\"996d6cf\" data-element_type=\"section\" data-e-type=\"section\">\n\t\t\t\t\t\t<div class=\"elementor-container elementor-column-gap-default\">\n\t\t\t\t\t<div class=\"elementor-column elementor-col-50 elementor-top-column elementor-element elementor-element-6f69b91\" data-id=\"6f69b91\" data-element_type=\"column\" data-e-type=\"column\">\n\t\t\t<div class=\"elementor-widget-wrap elementor-element-populated\">\n\t\t\t\t\t\t<div class=\"elementor-element elementor-element-6c3d1d8 elementor-widget elementor-widget-text-editor\" data-id=\"6c3d1d8\" data-element_type=\"widget\" data-e-type=\"widget\" data-widget_type=\"text-editor.default\">\n\t\t\t\t<div class=\"elementor-widget-container\">\n\t\t\t\t\t\t\t\t\t<div class=\"scorenco-widget\" data-widget-type=\"week-events\" data-widget-id=\"171919\" style=\"background: #F2F5F9; height: 500px; display: flex; align-items: center; justify-content: center; flex-direction: column;text-transform: uppercase; font-family: sans-serif; font-weight: bolder; gap: 9px; color:#1E457B;\">\n  <div class=\"ldsdr\"><\/div>\n  Score&rsquo;n&rsquo;co &#8211; US St Berthevin Football\n  <\/div>\n  <style>.ldsdr{display:inline-block;width:80px;height:80px}.ldsdr:after{content:\" \";display:block;width:64px;height:64px;margin:8px;border-radius:50%;border:6px solid #1E457B;border-color:#1E457B transparent;animation:ldsdr 1.2s linear infinite}@keyframes ldsdr{0%{transform:rotate(0deg)}100%{transform:rotate(360deg)}}<\/style>\n  <script async defer src=\"https:\/\/widgets.scorenco.com\/host\/widgets.js\"><\/script>\t\t\t\t\t\t\t\t<\/div>\n\t\t\t\t<\/div>\n\t\t\t\t\t<\/div>\n\t\t<\/div>\n\t\t\t\t<div class=\"elementor-column elementor-col-50 elementor-top-column elementor-element elementor-element-f77100a\" data-id=\"f77100a\" data-element_type=\"column\" data-e-type=\"column\">\n\t\t\t<div class=\"elementor-widget-wrap elementor-element-populated\">\n\t\t\t\t\t\t<div class=\"elementor-element elementor-element-c919128 elementor-widget elementor-widget-text-editor\" data-id=\"c919128\" data-element_type=\"widget\" data-e-type=\"widget\" data-widget_type=\"text-editor.default\">\n\t\t\t\t<div class=\"elementor-widget-container\">\n\t\t\t\t\t\t\t\t\t<div class=\"scorenco-widget\" data-widget-type=\"ranking\" data-widget-id=\"171885\" style=\"background: #F2F5F9; height: 500px; display: flex; align-items: center; justify-content: center; flex-direction: column;text-transform: uppercase; font-family: sans-serif; font-weight: bolder; gap: 9px; color:#1E457B;\">\n  <div class=\"ldsdr\"><\/div>\n  Score&rsquo;n&rsquo;co &#8211; US St Berthevin Football\n  <\/div>\n  <style>.ldsdr{display:inline-block;width:80px;height:80px}.ldsdr:after{content:\" \";display:block;width:64px;height:64px;margin:8px;border-radius:50%;border:6px solid #1E457B;border-color:#1E457B transparent;animation:ldsdr 1.2s linear infinite}@keyframes ldsdr{0%{transform:rotate(0deg)}100%{transform:rotate(360deg)}}<\/style>\n  <script async defer src=\"https:\/\/widgets.scorenco.com\/host\/widgets.js\"><\/script>\t\t\t\t\t\t\t\t<\/div>\n\t\t\t\t<\/div>\n\t\t\t\t\t<\/div>\n\t\t<\/div>\n\t\t\t\t\t<\/div>\n\t\t<\/section>\n\t\t\t\t<section class=\"elementor-section elementor-top-section elementor-element elementor-element-257c48a elementor-section-boxed elementor-section-height-default elementor-section-height-default\" data-id=\"257c48a\" data-element_type=\"section\" data-e-type=\"section\">\n\t\t\t\t\t\t<div class=\"elementor-container elementor-column-gap-default\">\n\t\t\t\t\t<div class=\"elementor-column elementor-col-100 elementor-top-column elementor-element elementor-element-d1f54b2\" data-id=\"d1f54b2\" data-element_type=\"column\" data-e-type=\"column\">\n\t\t\t<div class=\"elementor-widget-wrap elementor-element-populated\">\n\t\t\t\t\t\t<div class=\"elementor-element elementor-element-bf26397 elementor-widget elementor-widget-wp-widget-metaslider_widget\" data-id=\"bf26397\" data-element_type=\"widget\" data-e-type=\"widget\" data-widget_type=\"wp-widget-metaslider_widget.default\">\n\t\t\t\t<div class=\"elementor-widget-container\">\n\t\t\t\t\t<div id=\"metaslider-id-9199\" style=\"width: 100%; margin: 0 auto;\" class=\"ml-slider-3-107-0 metaslider metaslider-flex metaslider-9199 ml-slider has-dots-nav has-loading ml-slider-lightbox-2-22-0 lightbox-disabled ms-theme-default-base\" role=\"region\" aria-label=\"F\u00e9minines\" data-height=\"1000\" data-width=\"1200\">\n    <div id=\"metaslider_container_9199\">\n        <div id=\"metaslider_9199\">\n            <ul aria-live='off' class='slides'>\n                <li style=\"display: block; width: 100%;\" class=\"slide-9223 ms-image \" aria-roledescription=\"slide\" data-date=\"2025-12-17 11:11:25\" data-filename=\"559982359_1275811567682956_581409982876684416_n-1200x1000.jpg\" data-slide-type=\"image\"><img decoding=\"async\" src=\"data:image\/jpeg;base64,iVBORw0KGgoAAAANSUhEUgAAAAYAAAAFCAYAAABmWJ3mAAAACXBIWXMAAA7EAAAOxAGVKw4bAAAAFElEQVQImWP8\/\/8\/AzbAhFWUuhIAcowDBw4iBiIAAAAASUVORK5CYII=\" height=\"1000\" width=\"1200\" alt=\"\" class=\"slider-9199 slide-9223 msDefaultImage\" title=\"559982359_1275811567682956_581409982876684416_n\" data-ms-src=\"https:\/\/ussaintberthevinfootball.com\/wp-content\/uploads\/2025\/12\/559982359_1275811567682956_581409982876684416_n-1200x1000.jpg\" \/><\/li>\n                <li style=\"display: none; width: 100%;\" class=\"slide-9219 ms-image \" aria-roledescription=\"slide\" data-date=\"2025-12-17 11:11:25\" data-filename=\"561416973_1275815971015849_7979819727885419150_n-1200x1000.jpg\" data-slide-type=\"image\"><img loading=\"lazy\" decoding=\"async\" src=\"data:image\/jpeg;base64,iVBORw0KGgoAAAANSUhEUgAAAAYAAAAFCAYAAABmWJ3mAAAACXBIWXMAAA7EAAAOxAGVKw4bAAAAFElEQVQImWP8\/\/8\/AzbAhFWUuhIAcowDBw4iBiIAAAAASUVORK5CYII=\" height=\"1000\" width=\"1200\" alt=\"\" class=\"slider-9199 slide-9219 msDefaultImage\" title=\"561416973_1275815971015849_7979819727885419150_n\" data-ms-src=\"https:\/\/ussaintberthevinfootball.com\/wp-content\/uploads\/2025\/12\/561416973_1275815971015849_7979819727885419150_n-1200x1000.jpg\" \/><\/li>\n                <li style=\"display: none; width: 100%;\" class=\"slide-9214 ms-image \" aria-roledescription=\"slide\" data-date=\"2025-12-17 11:11:25\" data-filename=\"549601930_1275811784349601_2438695230282586415_n-1200x1000.jpg\" data-slide-type=\"image\"><img loading=\"lazy\" decoding=\"async\" src=\"data:image\/jpeg;base64,iVBORw0KGgoAAAANSUhEUgAAAAYAAAAFCAYAAABmWJ3mAAAACXBIWXMAAA7EAAAOxAGVKw4bAAAAFElEQVQImWP8\/\/8\/AzbAhFWUuhIAcowDBw4iBiIAAAAASUVORK5CYII=\" height=\"1000\" width=\"1200\" alt=\"\" class=\"slider-9199 slide-9214 msDefaultImage\" title=\"549601930_1275811784349601_2438695230282586415_n\" data-ms-src=\"https:\/\/ussaintberthevinfootball.com\/wp-content\/uploads\/2025\/12\/549601930_1275811784349601_2438695230282586415_n-1200x1000.jpg\" \/><\/li>\n                <li style=\"display: none; width: 100%;\" class=\"slide-9215 ms-image \" aria-roledescription=\"slide\" data-date=\"2025-12-17 11:11:25\" data-filename=\"561161853_1275813964349383_3453421952922890330_n-1200x1000.jpg\" data-slide-type=\"image\"><img loading=\"lazy\" decoding=\"async\" src=\"data:image\/jpeg;base64,iVBORw0KGgoAAAANSUhEUgAAAAYAAAAFCAYAAABmWJ3mAAAACXBIWXMAAA7EAAAOxAGVKw4bAAAAFElEQVQImWP8\/\/8\/AzbAhFWUuhIAcowDBw4iBiIAAAAASUVORK5CYII=\" height=\"1000\" width=\"1200\" alt=\"\" class=\"slider-9199 slide-9215 msDefaultImage\" title=\"561161853_1275813964349383_3453421952922890330_n\" data-ms-src=\"https:\/\/ussaintberthevinfootball.com\/wp-content\/uploads\/2025\/12\/561161853_1275813964349383_3453421952922890330_n-1200x1000.jpg\" \/><\/li>\n                <li style=\"display: none; width: 100%;\" class=\"slide-9216 ms-image \" aria-roledescription=\"slide\" data-date=\"2025-12-17 11:11:25\" data-filename=\"564721811_1275814331016013_5228328821404071168_n-1200x1000.jpg\" data-slide-type=\"image\"><img loading=\"lazy\" decoding=\"async\" src=\"data:image\/jpeg;base64,iVBORw0KGgoAAAANSUhEUgAAAAYAAAAFCAYAAABmWJ3mAAAACXBIWXMAAA7EAAAOxAGVKw4bAAAAFElEQVQImWP8\/\/8\/AzbAhFWUuhIAcowDBw4iBiIAAAAASUVORK5CYII=\" height=\"1000\" width=\"1200\" alt=\"\" class=\"slider-9199 slide-9216 msDefaultImage\" title=\"564721811_1275814331016013_5228328821404071168_n\" data-ms-src=\"https:\/\/ussaintberthevinfootball.com\/wp-content\/uploads\/2025\/12\/564721811_1275814331016013_5228328821404071168_n-1200x1000.jpg\" \/><\/li>\n                <li style=\"display: none; width: 100%;\" class=\"slide-9217 ms-image \" aria-roledescription=\"slide\" data-date=\"2025-12-17 11:11:25\" data-filename=\"559925529_1275814361016010_3050532687057215220_n-1200x1000.jpg\" data-slide-type=\"image\"><img loading=\"lazy\" decoding=\"async\" src=\"data:image\/jpeg;base64,iVBORw0KGgoAAAANSUhEUgAAAAYAAAAFCAYAAABmWJ3mAAAACXBIWXMAAA7EAAAOxAGVKw4bAAAAFElEQVQImWP8\/\/8\/AzbAhFWUuhIAcowDBw4iBiIAAAAASUVORK5CYII=\" height=\"1000\" width=\"1200\" alt=\"\" class=\"slider-9199 slide-9217 msDefaultImage\" title=\"559925529_1275814361016010_3050532687057215220_n\" data-ms-src=\"https:\/\/ussaintberthevinfootball.com\/wp-content\/uploads\/2025\/12\/559925529_1275814361016010_3050532687057215220_n-1200x1000.jpg\" \/><\/li>\n                <li style=\"display: none; width: 100%;\" class=\"slide-9218 ms-image \" aria-roledescription=\"slide\" data-date=\"2025-12-17 11:11:25\" data-filename=\"561356405_1275814381016008_4305578495641273371_n-1200x1000.jpg\" data-slide-type=\"image\"><img loading=\"lazy\" decoding=\"async\" src=\"data:image\/jpeg;base64,iVBORw0KGgoAAAANSUhEUgAAAAYAAAAFCAYAAABmWJ3mAAAACXBIWXMAAA7EAAAOxAGVKw4bAAAAFElEQVQImWP8\/\/8\/AzbAhFWUuhIAcowDBw4iBiIAAAAASUVORK5CYII=\" height=\"1000\" width=\"1200\" alt=\"\" class=\"slider-9199 slide-9218 msDefaultImage\" title=\"561356405_1275814381016008_4305578495641273371_n\" data-ms-src=\"https:\/\/ussaintberthevinfootball.com\/wp-content\/uploads\/2025\/12\/561356405_1275814381016008_4305578495641273371_n-1200x1000.jpg\" \/><\/li>\n                <li style=\"display: none; width: 100%;\" class=\"slide-9220 ms-image \" aria-roledescription=\"slide\" data-date=\"2025-12-17 11:11:25\" data-filename=\"571453533_18073276616587035_1981272940362093525_n-1200x1000.jpg\" data-slide-type=\"image\"><img loading=\"lazy\" decoding=\"async\" src=\"data:image\/jpeg;base64,iVBORw0KGgoAAAANSUhEUgAAAAYAAAAFCAYAAABmWJ3mAAAACXBIWXMAAA7EAAAOxAGVKw4bAAAAFElEQVQImWP8\/\/8\/AzbAhFWUuhIAcowDBw4iBiIAAAAASUVORK5CYII=\" height=\"1000\" width=\"1200\" alt=\"\" class=\"slider-9199 slide-9220 msDefaultImage\" title=\"571453533_18073276616587035_1981272940362093525_n\" data-ms-src=\"https:\/\/ussaintberthevinfootball.com\/wp-content\/uploads\/2025\/12\/571453533_18073276616587035_1981272940362093525_n-1200x1000.jpg\" \/><\/li>\n                <li style=\"display: none; width: 100%;\" class=\"slide-9221 ms-image \" aria-roledescription=\"slide\" data-date=\"2025-12-17 11:11:25\" data-filename=\"580512639_1300945265169586_5926114009889029986_n-1170x975.jpg\" data-slide-type=\"image\"><img loading=\"lazy\" decoding=\"async\" src=\"data:image\/jpeg;base64,iVBORw0KGgoAAAANSUhEUgAAAAYAAAAFCAYAAABmWJ3mAAAACXBIWXMAAA7EAAAOxAGVKw4bAAAAFElEQVQImWP8\/\/8\/AzbAhFWUuhIAcowDBw4iBiIAAAAASUVORK5CYII=\" height=\"1000\" width=\"1200\" alt=\"\" class=\"slider-9199 slide-9221 msDefaultImage\" title=\"580512639_1300945265169586_5926114009889029986_n\" data-ms-src=\"https:\/\/ussaintberthevinfootball.com\/wp-content\/uploads\/2025\/12\/580512639_1300945265169586_5926114009889029986_n-1170x975.jpg\" \/><\/li>\n                <li style=\"display: none; width: 100%;\" class=\"slide-9222 ms-image \" aria-roledescription=\"slide\" data-date=\"2025-12-17 11:11:25\" data-filename=\"600701424_18078241481587035_3201944792785874489_n-1200x1000.jpg\" data-slide-type=\"image\"><img loading=\"lazy\" decoding=\"async\" src=\"data:image\/jpeg;base64,iVBORw0KGgoAAAANSUhEUgAAAAYAAAAFCAYAAABmWJ3mAAAACXBIWXMAAA7EAAAOxAGVKw4bAAAAFElEQVQImWP8\/\/8\/AzbAhFWUuhIAcowDBw4iBiIAAAAASUVORK5CYII=\" height=\"1000\" width=\"1200\" alt=\"\" class=\"slider-9199 slide-9222 msDefaultImage\" title=\"600701424_18078241481587035_3201944792785874489_n\" data-ms-src=\"https:\/\/ussaintberthevinfootball.com\/wp-content\/uploads\/2025\/12\/600701424_18078241481587035_3201944792785874489_n-1200x1000.jpg\" \/><\/li>\n            <\/ul>\n        <div class='ms-slider-loading'><img src='https:\/\/ussaintberthevinfootball.com\/wp-admin\/images\/spinner.gif' alt='Chargement\u2026'><\/div>\n        <div class='flex-progress-bar'><\/div>\n        <\/div>\n        \n    <\/div>\n<\/div>\t\t\t\t<\/div>\n\t\t\t\t<\/div>\n\t\t\t\t\t<\/div>\n\t\t<\/div>\n\t\t\t\t\t<\/div>\n\t\t<\/section>\n\t\t\t\t<\/div>\n\t\t","protected":false},"excerpt":{"rendered":"<p>Responsable : Philippe BEAULIEU (06.18.96.83.13) &nbsp; Nous sommes heureux d\u2019annoncer la nouvelle entente entre l\u2019U.S. Saint Pierre la Cour \/ Port-Brillet et l\u2019U.S. Saint-Berthevin pour la cat\u00e9gorie f\u00e9minine. Unis, nous avons \u00e0 c\u0153ur de continuer \u00e0 faire grandir le football f\u00e9minin en Mayenne ! \u00a0 Score&rsquo;n&rsquo;co &#8211; US St Berthevin Football Score&rsquo;n&rsquo;co &#8211; US St [&hellip;]<\/p>\n","protected":false},"author":1,"featured_media":0,"parent":0,"menu_order":0,"comment_status":"closed","ping_status":"closed","template":"","meta":{"_uag_custom_page_level_css":"","site-sidebar-layout":"no-sidebar","site-content-layout":"","ast-site-content-layout":"normal-width-container","site-content-style":"default","site-sidebar-style":"default","ast-global-header-display":"","ast-banner-title-visibility":"","ast-main-header-display":"","ast-hfb-above-header-display":"","ast-hfb-below-header-display":"","ast-hfb-mobile-header-display":"","site-post-title":"","ast-breadcrumbs-content":"","ast-featured-img":"","footer-sml-layout":"","ast-disable-related-posts":"","theme-transparent-header-meta":"","adv-header-id-meta":"","stick-header-meta":"","header-above-stick-meta":"","header-main-stick-meta":"","header-below-stick-meta":"","astra-migrate-meta-layouts":"default","ast-page-background-enabled":"default","ast-page-background-meta":{"desktop":{"background-color":"var(--ast-global-color-4)","background-image":"","background-repeat":"repeat","background-position":"center center","background-size":"auto","background-attachment":"scroll","background-type":"","background-media":"","overlay-type":"","overlay-color":"","overlay-opacity":"","overlay-gradient":""},"tablet":{"background-color":"","background-image":"","background-repeat":"repeat","background-position":"center center","background-size":"auto","background-attachment":"scroll","background-type":"","background-media":"","overlay-type":"","overlay-color":"","overlay-opacity":"","overlay-gradient":""},"mobile":{"background-color":"","background-image":"","background-repeat":"repeat","background-position":"center center","background-size":"auto","background-attachment":"scroll","background-type":"","background-media":"","overlay-type":"","overlay-color":"","overlay-opacity":"","overlay-gradient":""}},"ast-content-background-meta":{"desktop":{"background-color":"var(--ast-global-color-5)","background-image":"","background-repeat":"repeat","background-position":"center center","background-size":"auto","background-attachment":"scroll","background-type":"","background-media":"","overlay-type":"","overlay-color":"","overlay-opacity":"","overlay-gradient":""},"tablet":{"background-color":"var(--ast-global-color-5)","background-image":"","background-repeat":"repeat","background-position":"center center","background-size":"auto","background-attachment":"scroll","background-type":"","background-media":"","overlay-type":"","overlay-color":"","overlay-opacity":"","overlay-gradient":""},"mobile":{"background-color":"var(--ast-global-color-5)","background-image":"","background-repeat":"repeat","background-position":"center center","background-size":"auto","background-attachment":"scroll","background-type":"","background-media":"","overlay-type":"","overlay-color":"","overlay-opacity":"","overlay-gradient":""}},"footnotes":""},"class_list":["post-253","page","type-page","status-publish","hentry"],"uagb_featured_image_src":{"full":false,"thumbnail":false,"medium":false,"medium_large":false,"large":false,"1536x1536":false,"2048x2048":false},"uagb_author_info":{"display_name":"ussbfootball53","author_link":"https:\/\/ussaintberthevinfootball.com\/index.php\/author\/ussbfootball53\/"},"uagb_comment_info":0,"uagb_excerpt":"Responsable : Philippe BEAULIEU (06.18.96.83.13) &nbsp; Nous sommes heureux d\u2019annoncer la nouvelle entente entre l\u2019U.S. Saint Pierre la Cour \/ Port-Brillet et l\u2019U.S. Saint-Berthevin pour la cat\u00e9gorie f\u00e9minine. Unis, nous avons \u00e0 c\u0153ur de continuer \u00e0 faire grandir le football f\u00e9minin en Mayenne ! \u00a0 Score&rsquo;n&rsquo;co &#8211; US St Berthevin Football Score&rsquo;n&rsquo;co &#8211; US St\u2026","_links":{"self":[{"href":"https:\/\/ussaintberthevinfootball.com\/index.php\/wp-json\/wp\/v2\/pages\/253","targetHints":{"allow":["GET"]}}],"collection":[{"href":"https:\/\/ussaintberthevinfootball.com\/index.php\/wp-json\/wp\/v2\/pages"}],"about":[{"href":"https:\/\/ussaintberthevinfootball.com\/index.php\/wp-json\/wp\/v2\/types\/page"}],"author":[{"embeddable":true,"href":"https:\/\/ussaintberthevinfootball.com\/index.php\/wp-json\/wp\/v2\/users\/1"}],"replies":[{"embeddable":true,"href":"https:\/\/ussaintberthevinfootball.com\/index.php\/wp-json\/wp\/v2\/comments?post=253"}],"version-history":[{"count":50,"href":"https:\/\/ussaintberthevinfootball.com\/index.php\/wp-json\/wp\/v2\/pages\/253\/revisions"}],"predecessor-version":[{"id":9230,"href":"https:\/\/ussaintberthevinfootball.com\/index.php\/wp-json\/wp\/v2\/pages\/253\/revisions\/9230"}],"wp:attachment":[{"href":"https:\/\/ussaintberthevinfootball.com\/index.php\/wp-json\/wp\/v2\/media?parent=253"}],"curies":[{"name":"wp","href":"https:\/\/api.w.org\/{rel}","templated":true}]}}