{"id":2,"date":"2020-09-05T14:35:19","date_gmt":"2020-09-05T12:35:19","guid":{"rendered":"http:\/\/ussaintberthevinfootball.com\/?page_id=2"},"modified":"2026-01-08T14:43:23","modified_gmt":"2026-01-08T13:43:23","slug":"veterans","status":"publish","type":"page","link":"https:\/\/ussaintberthevinfootball.com\/index.php\/veterans\/","title":{"rendered":"V\u00e9t\u00e9rans"},"content":{"rendered":"\t\t<div data-elementor-type=\"wp-page\" data-elementor-id=\"2\" class=\"elementor elementor-2\">\n\t\t\t\t\t\t<section class=\"elementor-section elementor-top-section elementor-element elementor-element-f6e3cce elementor-section-boxed elementor-section-height-default elementor-section-height-default\" data-id=\"f6e3cce\" data-element_type=\"section\" data-e-type=\"section\">\n\t\t\t\t\t\t\t<div class=\"elementor-background-overlay\"><\/div>\n\t\t\t\t\t\t\t<div class=\"elementor-container elementor-column-gap-default\">\n\t\t\t\t\t<div class=\"elementor-column elementor-col-100 elementor-top-column elementor-element elementor-element-b85bdbe\" data-id=\"b85bdbe\" data-element_type=\"column\" data-e-type=\"column\">\n\t\t\t<div class=\"elementor-widget-wrap elementor-element-populated\">\n\t\t\t\t\t\t<div class=\"elementor-element elementor-element-78635b5 elementor-widget elementor-widget-text-editor\" data-id=\"78635b5\" data-element_type=\"widget\" data-e-type=\"widget\" data-widget_type=\"text-editor.default\">\n\t\t\t\t<div class=\"elementor-widget-container\">\n\t\t\t\t\t\t\t\t\t<p data-start=\"148\" data-end=\"387\">\u00a0<\/p><p data-start=\"148\" data-end=\"387\">Tu as plus de 35 ans et tu veux continuer \u00e0 jouer au foot dans une ambiance d\u00e9tendue ? Notre section v<span data-start=\"249\" data-end=\"261\">\u00e9t\u00e9rans<\/span> est ouverte \u00e0 tous, sans distinction de niveau. Ici, le plaisir de jouer et la convivialit\u00e9 passent avant tout.<\/p><p data-start=\"389\" data-end=\"442\">Deux cr\u00e9neaux (dimanche matin et vendredi soir) pour disputer un match de championnat chaque semaine.\u00a0<span style=\"font-style: inherit; font-weight: inherit;\">Pas d\u2019\u00e9quipe \u00ab A \u00bb ou \u00ab B \u00bb : nous formons une seule grande famille o\u00f9 chacun trouve sa place, sur et en dehors du terrain.<\/span><\/p><p data-start=\"758\" data-end=\"928\">Apr\u00e8s les matchs, place aux moments de partage : troisi\u00e8me mi-temps, discussions, amiti\u00e9\u2026 Parce qu\u2019au-del\u00e0 du ballon, c\u2019est surtout l\u2019esprit club qui nous rassemble.<\/p><p>HORAIRE DES ENTRAINEMENTS : <span style=\"font-size: 16px;\">Mercredi 19h00 &#8211; 20h30<\/span><\/p><p>\u00a0<\/p><p>\u00a0<\/p>\t\t\t\t\t\t\t\t<\/div>\n\t\t\t\t<\/div>\n\t\t\t\t\t<\/div>\n\t\t<\/div>\n\t\t\t\t\t<\/div>\n\t\t<\/section>\n\t\t\t\t<section class=\"elementor-section elementor-top-section elementor-element elementor-element-6c9cd85 elementor-section-boxed elementor-section-height-default elementor-section-height-default\" data-id=\"6c9cd85\" data-element_type=\"section\" data-e-type=\"section\">\n\t\t\t\t\t\t<div class=\"elementor-container elementor-column-gap-default\">\n\t\t\t\t\t<div class=\"elementor-column elementor-col-100 elementor-top-column elementor-element elementor-element-2de727a\" data-id=\"2de727a\" data-element_type=\"column\" data-e-type=\"column\">\n\t\t\t<div class=\"elementor-widget-wrap elementor-element-populated\">\n\t\t\t\t\t\t<div class=\"elementor-element elementor-element-77e5943 elementor-widget-divider--view-line elementor-widget elementor-widget-divider\" data-id=\"77e5943\" data-element_type=\"widget\" data-e-type=\"widget\" data-widget_type=\"divider.default\">\n\t\t\t\t<div class=\"elementor-widget-container\">\n\t\t\t\t\t\t\t<div class=\"elementor-divider\">\n\t\t\t<span class=\"elementor-divider-separator\">\n\t\t\t\t\t\t<\/span>\n\t\t<\/div>\n\t\t\t\t\t\t<\/div>\n\t\t\t\t<\/div>\n\t\t\t\t\t<\/div>\n\t\t<\/div>\n\t\t\t\t\t<\/div>\n\t\t<\/section>\n\t\t\t\t<section class=\"elementor-section elementor-top-section elementor-element elementor-element-dcb1f93 elementor-section-boxed elementor-section-height-default elementor-section-height-default\" data-id=\"dcb1f93\" data-element_type=\"section\" data-e-type=\"section\">\n\t\t\t\t\t\t<div class=\"elementor-container elementor-column-gap-default\">\n\t\t\t\t\t<div class=\"elementor-column elementor-col-33 elementor-top-column elementor-element elementor-element-503ae26\" data-id=\"503ae26\" data-element_type=\"column\" data-e-type=\"column\">\n\t\t\t<div class=\"elementor-widget-wrap\">\n\t\t\t\t\t\t\t<\/div>\n\t\t<\/div>\n\t\t\t\t<div class=\"elementor-column elementor-col-33 elementor-top-column elementor-element elementor-element-c6fe10c\" data-id=\"c6fe10c\" data-element_type=\"column\" data-e-type=\"column\">\n\t\t\t<div class=\"elementor-widget-wrap elementor-element-populated\">\n\t\t\t\t\t\t<div class=\"elementor-element elementor-element-efe6a51 elementor-widget elementor-widget-icon-box\" data-id=\"efe6a51\" data-element_type=\"widget\" data-e-type=\"widget\" data-widget_type=\"icon-box.default\">\n\t\t\t\t<div class=\"elementor-widget-container\">\n\t\t\t\t\t\t\t<div class=\"elementor-icon-box-wrapper\">\n\n\t\t\t\n\t\t\t\t\t\t<div class=\"elementor-icon-box-content\">\n\n\t\t\t\t\t\t\t\t\t<h3 class=\"elementor-icon-box-title\">\n\t\t\t\t\t\t<span  >\n\t\t\t\t\t\t\tDimanche Matin\t\t\t\t\t\t<\/span>\n\t\t\t\t\t<\/h3>\n\t\t\t\t\n\t\t\t\t\t\t\t\t\t<p class=\"elementor-icon-box-description\">\n\t\t\t\t\t\t<b>Laurent LIDOUREN<br>\nSt\u00e9phane GUILLET<br><\/b>\n\n\t\t\t\t\t<\/p>\n\t\t\t\t\n\t\t\t<\/div>\n\t\t\t\n\t\t<\/div>\n\t\t\t\t\t\t<\/div>\n\t\t\t\t<\/div>\n\t\t\t\t\t<\/div>\n\t\t<\/div>\n\t\t\t\t<div class=\"elementor-column elementor-col-33 elementor-top-column elementor-element elementor-element-5a79864\" data-id=\"5a79864\" data-element_type=\"column\" data-e-type=\"column\">\n\t\t\t<div class=\"elementor-widget-wrap\">\n\t\t\t\t\t\t\t<\/div>\n\t\t<\/div>\n\t\t\t\t\t<\/div>\n\t\t<\/section>\n\t\t\t\t<section class=\"elementor-section elementor-top-section elementor-element elementor-element-d7bdced elementor-section-boxed elementor-section-height-default elementor-section-height-default\" data-id=\"d7bdced\" data-element_type=\"section\" data-e-type=\"section\">\n\t\t\t\t\t\t<div class=\"elementor-container elementor-column-gap-default\">\n\t\t\t\t\t<div class=\"elementor-column elementor-col-50 elementor-top-column elementor-element elementor-element-66208a9\" data-id=\"66208a9\" data-element_type=\"column\" data-e-type=\"column\">\n\t\t\t<div class=\"elementor-widget-wrap elementor-element-populated\">\n\t\t\t\t\t\t<div class=\"elementor-element elementor-element-42f2497 elementor-widget elementor-widget-text-editor\" data-id=\"42f2497\" data-element_type=\"widget\" data-e-type=\"widget\" data-widget_type=\"text-editor.default\">\n\t\t\t\t<div class=\"elementor-widget-container\">\n\t\t\t\t\t\t\t\t\t<div class=\"scorenco-widget\" style=\"background: #F2F5F9; height: 500px; display: flex; align-items: center; justify-content: center; flex-direction: column; text-transform: uppercase; font-family: sans-serif; font-weight: bolder; gap: 9px; color: #1e457b;\" data-widget-type=\"previous-next\" data-widget-id=\"132355\"><div class=\"ldsdr\">\u00a0<\/div><p>Score&rsquo;n&rsquo;co &#8211; US St Berthevin Football<\/p><\/div><p><style>.ldsdr{display:inline-block;width:80px;height:80px}.ldsdr:after{content:\" \";display:block;width:64px;height:64px;margin:8px;border-radius:50%;border:6px solid #1E457B;border-color:#1E457B transparent;animation:ldsdr 1.2s linear infinite}@keyframes ldsdr{0%{transform:rotate(0deg)}100%{transform:rotate(360deg)}}<\/style><\/p><p><script async defer src=\"https:\/\/widgets.scorenco.com\/host\/widgets.js\"><\/script><\/p>\t\t\t\t\t\t\t\t<\/div>\n\t\t\t\t<\/div>\n\t\t\t\t\t<\/div>\n\t\t<\/div>\n\t\t\t\t<div class=\"elementor-column elementor-col-50 elementor-top-column elementor-element elementor-element-fc0b3df\" data-id=\"fc0b3df\" data-element_type=\"column\" data-e-type=\"column\">\n\t\t\t<div class=\"elementor-widget-wrap elementor-element-populated\">\n\t\t\t\t\t\t<div class=\"elementor-element elementor-element-6ea57d2 elementor-widget elementor-widget-text-editor\" data-id=\"6ea57d2\" data-element_type=\"widget\" data-e-type=\"widget\" data-widget_type=\"text-editor.default\">\n\t\t\t\t<div class=\"elementor-widget-container\">\n\t\t\t\t\t\t\t\t\t<div class=\"scorenco-widget\" style=\"background: #F2F5F9; height: 500px; display: flex; align-items: center; justify-content: center; flex-direction: column; text-transform: uppercase; font-family: sans-serif; font-weight: bolder; gap: 9px; color: #1e457b;\" data-widget-type=\"ranking\" data-widget-id=\"168652\">\n<div class=\"ldsdr\"><\/div>\nScore&rsquo;n&rsquo;co &#8211; US St Berthevin Football\n\n<\/div>\n<style>.ldsdr{display:inline-block;width:80px;height:80px}.ldsdr:after{content:\" \";display:block;width:64px;height:64px;margin:8px;border-radius:50%;border:6px solid #1E457B;border-color:#1E457B transparent;animation:ldsdr 1.2s linear infinite}@keyframes ldsdr{0%{transform:rotate(0deg)}100%{transform:rotate(360deg)}}<\/style>\n\n<script async defer src=\"https:\/\/widgets.scorenco.com\/host\/widgets.js\"><\/script>\t\t\t\t\t\t\t\t<\/div>\n\t\t\t\t<\/div>\n\t\t\t\t\t<\/div>\n\t\t<\/div>\n\t\t\t\t\t<\/div>\n\t\t<\/section>\n\t\t\t\t<section class=\"elementor-section elementor-top-section elementor-element elementor-element-46564c4 elementor-section-boxed elementor-section-height-default elementor-section-height-default\" data-id=\"46564c4\" data-element_type=\"section\" data-e-type=\"section\">\n\t\t\t\t\t\t<div class=\"elementor-container elementor-column-gap-default\">\n\t\t\t\t\t<div class=\"elementor-column elementor-col-100 elementor-top-column elementor-element elementor-element-034b29d\" data-id=\"034b29d\" data-element_type=\"column\" data-e-type=\"column\">\n\t\t\t<div class=\"elementor-widget-wrap elementor-element-populated\">\n\t\t\t\t\t\t<div class=\"elementor-element elementor-element-cc3fe08 elementor-widget-divider--view-line elementor-widget elementor-widget-divider\" data-id=\"cc3fe08\" data-element_type=\"widget\" data-e-type=\"widget\" data-widget_type=\"divider.default\">\n\t\t\t\t<div class=\"elementor-widget-container\">\n\t\t\t\t\t\t\t<div class=\"elementor-divider\">\n\t\t\t<span class=\"elementor-divider-separator\">\n\t\t\t\t\t\t<\/span>\n\t\t<\/div>\n\t\t\t\t\t\t<\/div>\n\t\t\t\t<\/div>\n\t\t\t\t\t<\/div>\n\t\t<\/div>\n\t\t\t\t\t<\/div>\n\t\t<\/section>\n\t\t\t\t<section class=\"elementor-section elementor-top-section elementor-element elementor-element-a47e845 elementor-section-boxed elementor-section-height-default elementor-section-height-default\" data-id=\"a47e845\" data-element_type=\"section\" data-e-type=\"section\">\n\t\t\t\t\t\t<div class=\"elementor-container elementor-column-gap-default\">\n\t\t\t\t\t<div class=\"elementor-column elementor-col-33 elementor-top-column elementor-element elementor-element-28c6824\" data-id=\"28c6824\" data-element_type=\"column\" data-e-type=\"column\">\n\t\t\t<div class=\"elementor-widget-wrap\">\n\t\t\t\t\t\t\t<\/div>\n\t\t<\/div>\n\t\t\t\t<div class=\"elementor-column elementor-col-33 elementor-top-column elementor-element elementor-element-328e184\" data-id=\"328e184\" data-element_type=\"column\" data-e-type=\"column\">\n\t\t\t<div class=\"elementor-widget-wrap elementor-element-populated\">\n\t\t\t\t\t\t<div class=\"elementor-element elementor-element-21fa9a8 elementor-widget elementor-widget-icon-box\" data-id=\"21fa9a8\" data-element_type=\"widget\" data-e-type=\"widget\" data-widget_type=\"icon-box.default\">\n\t\t\t\t<div class=\"elementor-widget-container\">\n\t\t\t\t\t\t\t<div class=\"elementor-icon-box-wrapper\">\n\n\t\t\t\n\t\t\t\t\t\t<div class=\"elementor-icon-box-content\">\n\n\t\t\t\t\t\t\t\t\t<h3 class=\"elementor-icon-box-title\">\n\t\t\t\t\t\t<span  >\n\t\t\t\t\t\t\tVendredi Soir\t\t\t\t\t\t<\/span>\n\t\t\t\t\t<\/h3>\n\t\t\t\t\n\t\t\t\t\t\t\t\t\t<p class=\"elementor-icon-box-description\">\n\t\t\t\t\t\t<b>Jean-Luc MASSOT<br>\nJordan CHANCEREL<br><\/b>\n\t\t\t\t\t<\/p>\n\t\t\t\t\n\t\t\t<\/div>\n\t\t\t\n\t\t<\/div>\n\t\t\t\t\t\t<\/div>\n\t\t\t\t<\/div>\n\t\t\t\t\t<\/div>\n\t\t<\/div>\n\t\t\t\t<div class=\"elementor-column elementor-col-33 elementor-top-column elementor-element elementor-element-85e0bb3\" data-id=\"85e0bb3\" data-element_type=\"column\" data-e-type=\"column\">\n\t\t\t<div class=\"elementor-widget-wrap\">\n\t\t\t\t\t\t\t<\/div>\n\t\t<\/div>\n\t\t\t\t\t<\/div>\n\t\t<\/section>\n\t\t\t\t<section class=\"elementor-section elementor-top-section elementor-element elementor-element-f18f07a elementor-section-boxed elementor-section-height-default elementor-section-height-default\" data-id=\"f18f07a\" data-element_type=\"section\" data-e-type=\"section\">\n\t\t\t\t\t\t<div class=\"elementor-container elementor-column-gap-default\">\n\t\t\t\t\t<div class=\"elementor-column elementor-col-50 elementor-top-column elementor-element elementor-element-ce2f9f8\" data-id=\"ce2f9f8\" data-element_type=\"column\" data-e-type=\"column\">\n\t\t\t<div class=\"elementor-widget-wrap elementor-element-populated\">\n\t\t\t\t\t\t<div class=\"elementor-element elementor-element-cb7c0d4 elementor-widget elementor-widget-text-editor\" data-id=\"cb7c0d4\" data-element_type=\"widget\" data-e-type=\"widget\" data-widget_type=\"text-editor.default\">\n\t\t\t\t<div class=\"elementor-widget-container\">\n\t\t\t\t\t\t\t\t\t<div class=\"scorenco-widget\" data-widget-type=\"previous-next\" data-widget-id=\"132356\" style=\"background: #F2F5F9; height: 500px; display: flex; align-items: center; justify-content: center; flex-direction: column;text-transform: uppercase; font-family: sans-serif; font-weight: bolder; gap: 9px; color:#1E457B;\">\n  <div class=\"ldsdr\"><\/div>\n  Score&rsquo;n&rsquo;co &#8211; US St Berthevin Football\n  <\/div>\n  <style>.ldsdr{display:inline-block;width:80px;height:80px}.ldsdr:after{content:\" \";display:block;width:64px;height:64px;margin:8px;border-radius:50%;border:6px solid #1E457B;border-color:#1E457B transparent;animation:ldsdr 1.2s linear infinite}@keyframes ldsdr{0%{transform:rotate(0deg)}100%{transform:rotate(360deg)}}<\/style>\n  <script async defer src=\"https:\/\/widgets.scorenco.com\/host\/widgets.js\"><\/script>\t\t\t\t\t\t\t\t<\/div>\n\t\t\t\t<\/div>\n\t\t\t\t\t<\/div>\n\t\t<\/div>\n\t\t\t\t<div class=\"elementor-column elementor-col-50 elementor-top-column elementor-element elementor-element-1230cd4\" data-id=\"1230cd4\" data-element_type=\"column\" data-e-type=\"column\">\n\t\t\t<div class=\"elementor-widget-wrap elementor-element-populated\">\n\t\t\t\t\t\t<div class=\"elementor-element elementor-element-73fdd0c elementor-widget elementor-widget-text-editor\" data-id=\"73fdd0c\" data-element_type=\"widget\" data-e-type=\"widget\" data-widget_type=\"text-editor.default\">\n\t\t\t\t<div class=\"elementor-widget-container\">\n\t\t\t\t\t\t\t\t\t<div class=\"scorenco-widget\" data-widget-type=\"ranking\" data-widget-id=\"168651\" style=\"background: #F2F5F9; height: 500px; display: flex; align-items: center; justify-content: center; flex-direction: column;text-transform: uppercase; font-family: sans-serif; font-weight: bolder; gap: 9px; color:#1E457B;\">\n  <div class=\"ldsdr\"><\/div>\n  Score&rsquo;n&rsquo;co &#8211; US St Berthevin Football\n  <\/div>\n  <style>.ldsdr{display:inline-block;width:80px;height:80px}.ldsdr:after{content:\" \";display:block;width:64px;height:64px;margin:8px;border-radius:50%;border:6px solid #1E457B;border-color:#1E457B transparent;animation:ldsdr 1.2s linear infinite}@keyframes ldsdr{0%{transform:rotate(0deg)}100%{transform:rotate(360deg)}}<\/style>\n  <script async defer src=\"https:\/\/widgets.scorenco.com\/host\/widgets.js\"><\/script>\t\t\t\t\t\t\t\t<\/div>\n\t\t\t\t<\/div>\n\t\t\t\t\t<\/div>\n\t\t<\/div>\n\t\t\t\t\t<\/div>\n\t\t<\/section>\n\t\t\t\t<section class=\"elementor-section elementor-top-section elementor-element elementor-element-cc7874d elementor-section-boxed elementor-section-height-default elementor-section-height-default\" data-id=\"cc7874d\" data-element_type=\"section\" data-e-type=\"section\">\n\t\t\t\t\t\t<div class=\"elementor-container elementor-column-gap-default\">\n\t\t\t\t\t<div class=\"elementor-column elementor-col-100 elementor-top-column elementor-element elementor-element-3527118\" data-id=\"3527118\" data-element_type=\"column\" data-e-type=\"column\">\n\t\t\t<div class=\"elementor-widget-wrap elementor-element-populated\">\n\t\t\t\t\t\t<div class=\"elementor-element elementor-element-5d9594f elementor-widget-divider--view-line elementor-widget elementor-widget-divider\" data-id=\"5d9594f\" data-element_type=\"widget\" data-e-type=\"widget\" data-widget_type=\"divider.default\">\n\t\t\t\t<div class=\"elementor-widget-container\">\n\t\t\t\t\t\t\t<div class=\"elementor-divider\">\n\t\t\t<span class=\"elementor-divider-separator\">\n\t\t\t\t\t\t<\/span>\n\t\t<\/div>\n\t\t\t\t\t\t<\/div>\n\t\t\t\t<\/div>\n\t\t\t\t\t<\/div>\n\t\t<\/div>\n\t\t\t\t\t<\/div>\n\t\t<\/section>\n\t\t\t\t<\/div>\n\t\t","protected":false},"excerpt":{"rendered":"<p>\u00a0 Tu as plus de 35 ans et tu veux continuer \u00e0 jouer au foot dans une ambiance d\u00e9tendue ? Notre section v\u00e9t\u00e9rans est ouverte \u00e0 tous, sans distinction de niveau. Ici, le plaisir de jouer et la convivialit\u00e9 passent avant tout. Deux cr\u00e9neaux (dimanche matin et vendredi soir) pour disputer un match de championnat [&hellip;]<\/p>\n","protected":false},"author":1,"featured_media":0,"parent":0,"menu_order":0,"comment_status":"closed","ping_status":"closed","template":"","meta":{"_uag_custom_page_level_css":"","site-sidebar-layout":"no-sidebar","site-content-layout":"","ast-site-content-layout":"normal-width-container","site-content-style":"default","site-sidebar-style":"default","ast-global-header-display":"","ast-banner-title-visibility":"","ast-main-header-display":"","ast-hfb-above-header-display":"","ast-hfb-below-header-display":"","ast-hfb-mobile-header-display":"","site-post-title":"","ast-breadcrumbs-content":"","ast-featured-img":"","footer-sml-layout":"","ast-disable-related-posts":"","theme-transparent-header-meta":"","adv-header-id-meta":"","stick-header-meta":"","header-above-stick-meta":"","header-main-stick-meta":"","header-below-stick-meta":"","astra-migrate-meta-layouts":"default","ast-page-background-enabled":"default","ast-page-background-meta":{"desktop":{"background-color":"var(--ast-global-color-4)","background-image":"","background-repeat":"repeat","background-position":"center center","background-size":"auto","background-attachment":"scroll","background-type":"","background-media":"","overlay-type":"","overlay-color":"","overlay-opacity":"","overlay-gradient":""},"tablet":{"background-color":"","background-image":"","background-repeat":"repeat","background-position":"center center","background-size":"auto","background-attachment":"scroll","background-type":"","background-media":"","overlay-type":"","overlay-color":"","overlay-opacity":"","overlay-gradient":""},"mobile":{"background-color":"","background-image":"","background-repeat":"repeat","background-position":"center center","background-size":"auto","background-attachment":"scroll","background-type":"","background-media":"","overlay-type":"","overlay-color":"","overlay-opacity":"","overlay-gradient":""}},"ast-content-background-meta":{"desktop":{"background-color":"var(--ast-global-color-5)","background-image":"","background-repeat":"repeat","background-position":"center center","background-size":"auto","background-attachment":"scroll","background-type":"","background-media":"","overlay-type":"","overlay-color":"","overlay-opacity":"","overlay-gradient":""},"tablet":{"background-color":"var(--ast-global-color-5)","background-image":"","background-repeat":"repeat","background-position":"center center","background-size":"auto","background-attachment":"scroll","background-type":"","background-media":"","overlay-type":"","overlay-color":"","overlay-opacity":"","overlay-gradient":""},"mobile":{"background-color":"var(--ast-global-color-5)","background-image":"","background-repeat":"repeat","background-position":"center center","background-size":"auto","background-attachment":"scroll","background-type":"","background-media":"","overlay-type":"","overlay-color":"","overlay-opacity":"","overlay-gradient":""}},"footnotes":""},"class_list":["post-2","page","type-page","status-publish","hentry"],"uagb_featured_image_src":{"full":false,"thumbnail":false,"medium":false,"medium_large":false,"large":false,"1536x1536":false,"2048x2048":false},"uagb_author_info":{"display_name":"ussbfootball53","author_link":"https:\/\/ussaintberthevinfootball.com\/index.php\/author\/ussbfootball53\/"},"uagb_comment_info":0,"uagb_excerpt":"\u00a0 Tu as plus de 35 ans et tu veux continuer \u00e0 jouer au foot dans une ambiance d\u00e9tendue ? Notre section v\u00e9t\u00e9rans est ouverte \u00e0 tous, sans distinction de niveau. Ici, le plaisir de jouer et la convivialit\u00e9 passent avant tout. Deux cr\u00e9neaux (dimanche matin et vendredi soir) pour disputer un match de championnat\u2026","_links":{"self":[{"href":"https:\/\/ussaintberthevinfootball.com\/index.php\/wp-json\/wp\/v2\/pages\/2","targetHints":{"allow":["GET"]}}],"collection":[{"href":"https:\/\/ussaintberthevinfootball.com\/index.php\/wp-json\/wp\/v2\/pages"}],"about":[{"href":"https:\/\/ussaintberthevinfootball.com\/index.php\/wp-json\/wp\/v2\/types\/page"}],"author":[{"embeddable":true,"href":"https:\/\/ussaintberthevinfootball.com\/index.php\/wp-json\/wp\/v2\/users\/1"}],"replies":[{"embeddable":true,"href":"https:\/\/ussaintberthevinfootball.com\/index.php\/wp-json\/wp\/v2\/comments?post=2"}],"version-history":[{"count":110,"href":"https:\/\/ussaintberthevinfootball.com\/index.php\/wp-json\/wp\/v2\/pages\/2\/revisions"}],"predecessor-version":[{"id":9872,"href":"https:\/\/ussaintberthevinfootball.com\/index.php\/wp-json\/wp\/v2\/pages\/2\/revisions\/9872"}],"wp:attachment":[{"href":"https:\/\/ussaintberthevinfootball.com\/index.php\/wp-json\/wp\/v2\/media?parent=2"}],"curies":[{"name":"wp","href":"https:\/\/api.w.org\/{rel}","templated":true}]}}