{"id":1796,"date":"2022-05-19T13:30:26","date_gmt":"2022-05-19T11:30:26","guid":{"rendered":"http:\/\/ussaintberthevinfootball.com\/?page_id=1796"},"modified":"2025-12-05T17:25:34","modified_gmt":"2025-12-05T16:25:34","slug":"nos-salaries","status":"publish","type":"page","link":"https:\/\/ussaintberthevinfootball.com\/index.php\/le-club\/nos-salaries\/","title":{"rendered":"L&rsquo;\u00e9quipe salari\u00e9e"},"content":{"rendered":"\t\t<div data-elementor-type=\"wp-page\" data-elementor-id=\"1796\" class=\"elementor elementor-1796\">\n\t\t\t\t\t\t<section class=\"elementor-section elementor-top-section elementor-element elementor-element-4a9b4de elementor-section-boxed elementor-section-height-default elementor-section-height-default\" data-id=\"4a9b4de\" data-element_type=\"section\" data-e-type=\"section\">\n\t\t\t\t\t\t<div class=\"elementor-container elementor-column-gap-default\">\n\t\t\t\t\t<div class=\"elementor-column elementor-col-100 elementor-top-column elementor-element elementor-element-718ee0b\" data-id=\"718ee0b\" data-element_type=\"column\" data-e-type=\"column\">\n\t\t\t<div class=\"elementor-widget-wrap elementor-element-populated\">\n\t\t\t\t\t\t<div class=\"elementor-element elementor-element-36b8789 elementor-widget elementor-widget-text-editor\" data-id=\"36b8789\" data-element_type=\"widget\" data-e-type=\"widget\" data-widget_type=\"text-editor.default\">\n\t\t\t\t<div class=\"elementor-widget-container\">\n\t\t\t\t\t\t\t\t\t<p data-start=\"138\" data-end=\"428\">Le club s\u2019appuie sur une \u00e9quipe engag\u00e9e et compl\u00e9mentaire pour accompagner les joueuses et joueurs tout au long de leur parcours.<\/p><p data-start=\"138\" data-end=\"428\">Deux salari\u00e9s qualifi\u00e9s ainsi qu\u2019un volontaire en service civique \u0153uvrent quotidiennement au bon fonctionnement sportif, \u00e9ducatif et associatif de la structure.<\/p><p data-start=\"1007\" data-end=\"1131\" data-is-last-node=\"\" data-is-only-node=\"\">Ensemble, ils \u0153uvrent chaque jour pour offrir un cadre structur\u00e9, dynamique et convivial \u00e0 l\u2019ensemble des licenci\u00e9s du club.<\/p>\t\t\t\t\t\t\t\t<\/div>\n\t\t\t\t<\/div>\n\t\t\t\t\t<\/div>\n\t\t<\/div>\n\t\t\t\t\t<\/div>\n\t\t<\/section>\n\t\t\t\t<section class=\"elementor-section elementor-top-section elementor-element elementor-element-9380997 elementor-section-boxed elementor-section-height-default elementor-section-height-default\" data-id=\"9380997\" data-element_type=\"section\" data-e-type=\"section\">\n\t\t\t\t\t\t<div class=\"elementor-container elementor-column-gap-default\">\n\t\t\t\t\t<div class=\"elementor-column elementor-col-33 elementor-top-column elementor-element elementor-element-0f9b36a\" data-id=\"0f9b36a\" data-element_type=\"column\" data-e-type=\"column\">\n\t\t\t<div class=\"elementor-widget-wrap elementor-element-populated\">\n\t\t\t\t\t\t<div class=\"elementor-element elementor-element-67f3e51 elementor-widget elementor-widget-image\" data-id=\"67f3e51\" data-element_type=\"widget\" data-e-type=\"widget\" data-widget_type=\"image.default\">\n\t\t\t\t<div class=\"elementor-widget-container\">\n\t\t\t\t\t\t\t\t\t\t\t\t\t\t\t<img fetchpriority=\"high\" decoding=\"async\" width=\"286\" height=\"300\" src=\"https:\/\/ussaintberthevinfootball.com\/wp-content\/uploads\/2025\/09\/20250623_2127283-e1758542419423-286x300.jpg\" class=\"attachment-medium size-medium wp-image-5224\" alt=\"\" srcset=\"https:\/\/ussaintberthevinfootball.com\/wp-content\/uploads\/2025\/09\/20250623_2127283-e1758542419423-286x300.jpg 286w, https:\/\/ussaintberthevinfootball.com\/wp-content\/uploads\/2025\/09\/20250623_2127283-e1758542419423-122x128.jpg 122w, https:\/\/ussaintberthevinfootball.com\/wp-content\/uploads\/2025\/09\/20250623_2127283-e1758542419423.jpg 369w\" sizes=\"(max-width: 286px) 100vw, 286px\" \/>\t\t\t\t\t\t\t\t\t\t\t\t\t\t\t<\/div>\n\t\t\t\t<\/div>\n\t\t\t\t<div class=\"elementor-element elementor-element-1b24a77 elementor-widget elementor-widget-image-box\" data-id=\"1b24a77\" data-element_type=\"widget\" data-e-type=\"widget\" data-widget_type=\"image-box.default\">\n\t\t\t\t<div class=\"elementor-widget-container\">\n\t\t\t\t\t<div class=\"elementor-image-box-wrapper\"><div class=\"elementor-image-box-content\"><h3 class=\"elementor-image-box-title\"><h4>G\u00e9rald DUPR\u00c9<\/h4><\/h3><p class=\"elementor-image-box-description\">Responsable Sportif Jeunes (Foot \u00e0 11)<\/br>\nTitulaire du Brevet d\u2019Entra\u00eeneur de Football (BEF)<\/p><\/div><\/div>\t\t\t\t<\/div>\n\t\t\t\t<\/div>\n\t\t\t\t\t<\/div>\n\t\t<\/div>\n\t\t\t\t<div class=\"elementor-column elementor-col-33 elementor-top-column elementor-element elementor-element-a31bada\" data-id=\"a31bada\" data-element_type=\"column\" data-e-type=\"column\">\n\t\t\t<div class=\"elementor-widget-wrap elementor-element-populated\">\n\t\t\t\t\t\t<div class=\"elementor-element elementor-element-0dcfcf8 elementor-widget elementor-widget-image\" data-id=\"0dcfcf8\" data-element_type=\"widget\" data-e-type=\"widget\" data-widget_type=\"image.default\">\n\t\t\t\t<div class=\"elementor-widget-container\">\n\t\t\t\t\t\t\t\t\t\t\t\t\t\t\t<img decoding=\"async\" width=\"286\" height=\"300\" src=\"https:\/\/ussaintberthevinfootball.com\/wp-content\/uploads\/2025\/09\/20250623_2127184-e1758542389486-286x300.jpg\" class=\"attachment-medium size-medium wp-image-5227\" alt=\"\" srcset=\"https:\/\/ussaintberthevinfootball.com\/wp-content\/uploads\/2025\/09\/20250623_2127184-e1758542389486-286x300.jpg 286w, https:\/\/ussaintberthevinfootball.com\/wp-content\/uploads\/2025\/09\/20250623_2127184-e1758542389486-122x128.jpg 122w, https:\/\/ussaintberthevinfootball.com\/wp-content\/uploads\/2025\/09\/20250623_2127184-e1758542389486-30x32.jpg 30w, https:\/\/ussaintberthevinfootball.com\/wp-content\/uploads\/2025\/09\/20250623_2127184-e1758542389486.jpg 357w\" sizes=\"(max-width: 286px) 100vw, 286px\" \/>\t\t\t\t\t\t\t\t\t\t\t\t\t\t\t<\/div>\n\t\t\t\t<\/div>\n\t\t\t\t<div class=\"elementor-element elementor-element-a5db654 elementor-widget elementor-widget-image-box\" data-id=\"a5db654\" data-element_type=\"widget\" data-e-type=\"widget\" data-widget_type=\"image-box.default\">\n\t\t\t\t<div class=\"elementor-widget-container\">\n\t\t\t\t\t<div class=\"elementor-image-box-wrapper\"><div class=\"elementor-image-box-content\"><h3 class=\"elementor-image-box-title\"><h4>Corentin BERNARD<\/h4><\/h3><p class=\"elementor-image-box-description\">Responsable Sportif Ecole de Foot - F\u00e9minines<\/br>\nTitulaire du Brevet de Moniteur de Football (BMF)<\/p><\/div><\/div>\t\t\t\t<\/div>\n\t\t\t\t<\/div>\n\t\t\t\t\t<\/div>\n\t\t<\/div>\n\t\t\t\t<div class=\"elementor-column elementor-col-33 elementor-top-column elementor-element elementor-element-111fd86\" data-id=\"111fd86\" data-element_type=\"column\" data-e-type=\"column\">\n\t\t\t<div class=\"elementor-widget-wrap elementor-element-populated\">\n\t\t\t\t\t\t<div class=\"elementor-element elementor-element-820dd5a elementor-widget elementor-widget-image\" data-id=\"820dd5a\" data-element_type=\"widget\" data-e-type=\"widget\" data-widget_type=\"image.default\">\n\t\t\t\t<div class=\"elementor-widget-container\">\n\t\t\t\t\t\t\t\t\t\t\t\t\t\t\t<img decoding=\"async\" width=\"300\" height=\"300\" src=\"https:\/\/ussaintberthevinfootball.com\/wp-content\/uploads\/2025\/09\/john-doe-m4avhdgd3zuctzyxm1gtdulz1hvck28fatlza51c7k-300x300.png\" class=\"attachment-medium size-medium wp-image-5777\" alt=\"\" srcset=\"https:\/\/ussaintberthevinfootball.com\/wp-content\/uploads\/2025\/09\/john-doe-m4avhdgd3zuctzyxm1gtdulz1hvck28fatlza51c7k-300x300.png 300w, https:\/\/ussaintberthevinfootball.com\/wp-content\/uploads\/2025\/09\/john-doe-m4avhdgd3zuctzyxm1gtdulz1hvck28fatlza51c7k-150x150.png 150w, https:\/\/ussaintberthevinfootball.com\/wp-content\/uploads\/2025\/09\/john-doe-m4avhdgd3zuctzyxm1gtdulz1hvck28fatlza51c7k-768x768.png 768w, https:\/\/ussaintberthevinfootball.com\/wp-content\/uploads\/2025\/09\/john-doe-m4avhdgd3zuctzyxm1gtdulz1hvck28fatlza51c7k-128x128.png 128w, https:\/\/ussaintberthevinfootball.com\/wp-content\/uploads\/2025\/09\/john-doe-m4avhdgd3zuctzyxm1gtdulz1hvck28fatlza51c7k-32x32.png 32w, https:\/\/ussaintberthevinfootball.com\/wp-content\/uploads\/2025\/09\/john-doe-m4avhdgd3zuctzyxm1gtdulz1hvck28fatlza51c7k.png 1000w\" sizes=\"(max-width: 300px) 100vw, 300px\" \/>\t\t\t\t\t\t\t\t\t\t\t\t\t\t\t<\/div>\n\t\t\t\t<\/div>\n\t\t\t\t<div class=\"elementor-element elementor-element-3e39f8d elementor-widget elementor-widget-image-box\" data-id=\"3e39f8d\" data-element_type=\"widget\" data-e-type=\"widget\" data-widget_type=\"image-box.default\">\n\t\t\t\t<div class=\"elementor-widget-container\">\n\t\t\t\t\t<div class=\"elementor-image-box-wrapper\"><div class=\"elementor-image-box-content\"><h3 class=\"elementor-image-box-title\"><h4>Cameron TAKACS<\/h4><\/h3><p class=\"elementor-image-box-description\">Service Civique<\/p><\/div><\/div>\t\t\t\t<\/div>\n\t\t\t\t<\/div>\n\t\t\t\t\t<\/div>\n\t\t<\/div>\n\t\t\t\t\t<\/div>\n\t\t<\/section>\n\t\t\t\t<section class=\"elementor-section elementor-top-section elementor-element elementor-element-c2c43f0 elementor-section-boxed elementor-section-height-default elementor-section-height-default\" data-id=\"c2c43f0\" data-element_type=\"section\" data-e-type=\"section\">\n\t\t\t\t\t\t<div class=\"elementor-container elementor-column-gap-default\">\n\t\t\t\t\t<div class=\"elementor-column elementor-col-100 elementor-top-column elementor-element elementor-element-4f1e7d1\" data-id=\"4f1e7d1\" data-element_type=\"column\" data-e-type=\"column\">\n\t\t\t<div class=\"elementor-widget-wrap\">\n\t\t\t\t\t\t\t<\/div>\n\t\t<\/div>\n\t\t\t\t\t<\/div>\n\t\t<\/section>\n\t\t\t\t<\/div>\n\t\t","protected":false},"excerpt":{"rendered":"<p>Le club s\u2019appuie sur une \u00e9quipe engag\u00e9e et compl\u00e9mentaire pour accompagner les joueuses et joueurs tout au long de leur parcours. Deux salari\u00e9s qualifi\u00e9s ainsi qu\u2019un volontaire en service civique \u0153uvrent quotidiennement au bon fonctionnement sportif, \u00e9ducatif et associatif de la structure. Ensemble, ils \u0153uvrent chaque jour pour offrir un cadre structur\u00e9, dynamique et convivial [&hellip;]<\/p>\n","protected":false},"author":1,"featured_media":0,"parent":110,"menu_order":3,"comment_status":"closed","ping_status":"closed","template":"","meta":{"_uag_custom_page_level_css":"","site-sidebar-layout":"no-sidebar","site-content-layout":"","ast-site-content-layout":"normal-width-container","site-content-style":"default","site-sidebar-style":"default","ast-global-header-display":"","ast-banner-title-visibility":"","ast-main-header-display":"","ast-hfb-above-header-display":"","ast-hfb-below-header-display":"","ast-hfb-mobile-header-display":"","site-post-title":"","ast-breadcrumbs-content":"","ast-featured-img":"","footer-sml-layout":"","ast-disable-related-posts":"","theme-transparent-header-meta":"","adv-header-id-meta":"","stick-header-meta":"","header-above-stick-meta":"","header-main-stick-meta":"","header-below-stick-meta":"","astra-migrate-meta-layouts":"default","ast-page-background-enabled":"default","ast-page-background-meta":{"desktop":{"background-color":"var(--ast-global-color-4)","background-image":"","background-repeat":"repeat","background-position":"center center","background-size":"auto","background-attachment":"scroll","background-type":"","background-media":"","overlay-type":"","overlay-color":"","overlay-opacity":"","overlay-gradient":""},"tablet":{"background-color":"","background-image":"","background-repeat":"repeat","background-position":"center center","background-size":"auto","background-attachment":"scroll","background-type":"","background-media":"","overlay-type":"","overlay-color":"","overlay-opacity":"","overlay-gradient":""},"mobile":{"background-color":"","background-image":"","background-repeat":"repeat","background-position":"center center","background-size":"auto","background-attachment":"scroll","background-type":"","background-media":"","overlay-type":"","overlay-color":"","overlay-opacity":"","overlay-gradient":""}},"ast-content-background-meta":{"desktop":{"background-color":"var(--ast-global-color-5)","background-image":"","background-repeat":"repeat","background-position":"center center","background-size":"auto","background-attachment":"scroll","background-type":"","background-media":"","overlay-type":"","overlay-color":"","overlay-opacity":"","overlay-gradient":""},"tablet":{"background-color":"var(--ast-global-color-5)","background-image":"","background-repeat":"repeat","background-position":"center center","background-size":"auto","background-attachment":"scroll","background-type":"","background-media":"","overlay-type":"","overlay-color":"","overlay-opacity":"","overlay-gradient":""},"mobile":{"background-color":"var(--ast-global-color-5)","background-image":"","background-repeat":"repeat","background-position":"center center","background-size":"auto","background-attachment":"scroll","background-type":"","background-media":"","overlay-type":"","overlay-color":"","overlay-opacity":"","overlay-gradient":""}},"footnotes":""},"class_list":["post-1796","page","type-page","status-publish","hentry"],"uagb_featured_image_src":{"full":false,"thumbnail":false,"medium":false,"medium_large":false,"large":false,"1536x1536":false,"2048x2048":false},"uagb_author_info":{"display_name":"ussbfootball53","author_link":"https:\/\/ussaintberthevinfootball.com\/index.php\/author\/ussbfootball53\/"},"uagb_comment_info":0,"uagb_excerpt":"Le club s\u2019appuie sur une \u00e9quipe engag\u00e9e et compl\u00e9mentaire pour accompagner les joueuses et joueurs tout au long de leur parcours. Deux salari\u00e9s qualifi\u00e9s ainsi qu\u2019un volontaire en service civique \u0153uvrent quotidiennement au bon fonctionnement sportif, \u00e9ducatif et associatif de la structure. Ensemble, ils \u0153uvrent chaque jour pour offrir un cadre structur\u00e9, dynamique et convivial\u2026","_links":{"self":[{"href":"https:\/\/ussaintberthevinfootball.com\/index.php\/wp-json\/wp\/v2\/pages\/1796","targetHints":{"allow":["GET"]}}],"collection":[{"href":"https:\/\/ussaintberthevinfootball.com\/index.php\/wp-json\/wp\/v2\/pages"}],"about":[{"href":"https:\/\/ussaintberthevinfootball.com\/index.php\/wp-json\/wp\/v2\/types\/page"}],"author":[{"embeddable":true,"href":"https:\/\/ussaintberthevinfootball.com\/index.php\/wp-json\/wp\/v2\/users\/1"}],"replies":[{"embeddable":true,"href":"https:\/\/ussaintberthevinfootball.com\/index.php\/wp-json\/wp\/v2\/comments?post=1796"}],"version-history":[{"count":88,"href":"https:\/\/ussaintberthevinfootball.com\/index.php\/wp-json\/wp\/v2\/pages\/1796\/revisions"}],"predecessor-version":[{"id":8465,"href":"https:\/\/ussaintberthevinfootball.com\/index.php\/wp-json\/wp\/v2\/pages\/1796\/revisions\/8465"}],"up":[{"embeddable":true,"href":"https:\/\/ussaintberthevinfootball.com\/index.php\/wp-json\/wp\/v2\/pages\/110"}],"wp:attachment":[{"href":"https:\/\/ussaintberthevinfootball.com\/index.php\/wp-json\/wp\/v2\/media?parent=1796"}],"curies":[{"name":"wp","href":"https:\/\/api.w.org\/{rel}","templated":true}]}}