{"id":105,"date":"2020-09-16T23:09:18","date_gmt":"2020-09-16T21:09:18","guid":{"rendered":"http:\/\/ussaintberthevinfootball.com\/?page_id=105"},"modified":"2026-01-08T14:49:48","modified_gmt":"2026-01-08T13:49:48","slug":"ecole-de-foot","status":"publish","type":"page","link":"https:\/\/ussaintberthevinfootball.com\/index.php\/ecole-de-foot\/","title":{"rendered":"\u00c9cole de foot"},"content":{"rendered":"\t\t<div data-elementor-type=\"wp-page\" data-elementor-id=\"105\" class=\"elementor elementor-105\">\n\t\t\t\t\t\t<section class=\"elementor-section elementor-top-section elementor-element elementor-element-e17c632 elementor-section-boxed elementor-section-height-default elementor-section-height-default\" data-id=\"e17c632\" data-element_type=\"section\" data-e-type=\"section\">\n\t\t\t\t\t\t\t<div class=\"elementor-background-overlay\"><\/div>\n\t\t\t\t\t\t\t<div class=\"elementor-container elementor-column-gap-default\">\n\t\t\t\t\t<div class=\"elementor-column elementor-col-100 elementor-top-column elementor-element elementor-element-7d34aa5\" data-id=\"7d34aa5\" data-element_type=\"column\" data-e-type=\"column\">\n\t\t\t<div class=\"elementor-widget-wrap elementor-element-populated\">\n\t\t\t\t\t\t<div class=\"elementor-element elementor-element-288997c elementor-widget elementor-widget-text-editor\" data-id=\"288997c\" data-element_type=\"widget\" data-e-type=\"widget\" data-widget_type=\"text-editor.default\">\n\t\t\t\t<div class=\"elementor-widget-container\">\n\t\t\t\t\t\t\t\t\t<p data-start=\"150\" data-end=\"327\">\u00a0<\/p><p data-start=\"150\" data-end=\"327\">Notre objectif est de transmettre aux jeunes la passion du ballon rond dans un cadre convivial, \u00e9ducatif et formateur.<\/p><p data-start=\"329\" data-end=\"407\">Encadr\u00e9s par des \u00e9ducateurs dipl\u00f4m\u00e9s et passionn\u00e9s, les enfants d\u00e9couvrent :<\/p><ul data-start=\"408\" data-end=\"571\"><li data-start=\"408\" data-end=\"464\"><p data-start=\"410\" data-end=\"464\">Les bases techniques (contr\u00f4le, passe, tir, dribble)<\/p><\/li><li data-start=\"465\" data-end=\"511\"><p data-start=\"467\" data-end=\"511\">L\u2019esprit d\u2019\u00e9quipe et le respect des r\u00e8gles<\/p><\/li><li data-start=\"512\" data-end=\"571\"><p data-start=\"514\" data-end=\"571\">Le plaisir de jouer ensemble et de progresser pas \u00e0 pas<\/p><\/li><\/ul><p data-start=\"573\" data-end=\"738\">L\u2019\u00e9cole de foot est ouverte aux filles et gar\u00e7ons d\u00e8s l&rsquo;ann\u00e9e des 5 ans, quel que soit leur niveau.<br data-start=\"682\" data-end=\"685\" \/>Parce que le football, ce n\u2019est pas seulement un sport, mais aussi une \u00e9cole de vie, nous mettons en avant <strong data-start=\"847\" data-end=\"889\">le plaisir, le partage et le fair-play<\/strong>.<\/p><p data-start=\"189\" data-end=\"356\">Notre club est fier d\u2019avoir renouvel\u00e9 le <strong data-start=\"227\" data-end=\"277\">Label Jeunes FFF 2025-2028 \u2013 Niveau Excellence<\/strong>. Cette r\u00e9compense valorise la qualit\u00e9 de notre accueil, de notre formation et de notre engagement pour le d\u00e9veloppement du football, aussi bien masculin que f\u00e9minin.<\/p><p data-start=\"189\" data-end=\"356\">\u00a0<\/p><p>HORAIRE DES ENTRAINEMENTS :<\/p><ul><li style=\"list-style-type: none;\"><ul><li>U6\/U7 : mercredi 13h45 &#8211; 15h15<\/li><li>U8\/U9 : mercredi 13h45 &#8211; 15h15<\/li><li>U10\/U11 : mercredi\u00a015h45 &#8211; 17h15\u00a0 et jeudi 17h45 &#8211; 19h00<\/li><\/ul><\/li><\/ul><p>\u00a0<\/p>\t\t\t\t\t\t\t\t<\/div>\n\t\t\t\t<\/div>\n\t\t\t\t\t<\/div>\n\t\t<\/div>\n\t\t\t\t\t<\/div>\n\t\t<\/section>\n\t\t\t\t<section class=\"elementor-section elementor-top-section elementor-element elementor-element-0cf89c9 elementor-section-boxed elementor-section-height-default elementor-section-height-default\" data-id=\"0cf89c9\" data-element_type=\"section\" data-e-type=\"section\">\n\t\t\t\t\t\t<div class=\"elementor-container elementor-column-gap-default\">\n\t\t\t\t\t<div class=\"elementor-column elementor-col-100 elementor-top-column elementor-element elementor-element-e04db2d\" data-id=\"e04db2d\" data-element_type=\"column\" data-e-type=\"column\">\n\t\t\t<div class=\"elementor-widget-wrap elementor-element-populated\">\n\t\t\t\t\t\t<div class=\"elementor-element elementor-element-0f50bee elementor-widget elementor-widget-image\" data-id=\"0f50bee\" data-element_type=\"widget\" data-e-type=\"widget\" data-widget_type=\"image.default\">\n\t\t\t\t<div class=\"elementor-widget-container\">\n\t\t\t\t\t\t\t\t\t\t\t\t\t\t\t<img fetchpriority=\"high\" decoding=\"async\" width=\"280\" height=\"180\" src=\"https:\/\/ussaintberthevinfootball.com\/wp-content\/uploads\/2025\/09\/images-1.jpg\" class=\"attachment-full size-full wp-image-6001\" alt=\"\" srcset=\"https:\/\/ussaintberthevinfootball.com\/wp-content\/uploads\/2025\/09\/images-1.jpg 280w, https:\/\/ussaintberthevinfootball.com\/wp-content\/uploads\/2025\/09\/images-1-128x82.jpg 128w, https:\/\/ussaintberthevinfootball.com\/wp-content\/uploads\/2025\/09\/images-1-32x21.jpg 32w\" sizes=\"(max-width: 280px) 100vw, 280px\" \/>\t\t\t\t\t\t\t\t\t\t\t\t\t\t\t<\/div>\n\t\t\t\t<\/div>\n\t\t\t\t\t<\/div>\n\t\t<\/div>\n\t\t\t\t\t<\/div>\n\t\t<\/section>\n\t\t\t\t<section class=\"elementor-section elementor-top-section elementor-element elementor-element-de5ab15 elementor-section-boxed elementor-section-height-default elementor-section-height-default\" data-id=\"de5ab15\" data-element_type=\"section\" data-e-type=\"section\">\n\t\t\t\t\t\t<div class=\"elementor-container elementor-column-gap-default\">\n\t\t\t\t\t<div class=\"elementor-column elementor-col-33 elementor-top-column elementor-element elementor-element-271fb35\" data-id=\"271fb35\" data-element_type=\"column\" data-e-type=\"column\">\n\t\t\t<div class=\"elementor-widget-wrap elementor-element-populated\">\n\t\t\t\t\t\t<div class=\"elementor-element elementor-element-aca3061 elementor-widget elementor-widget-icon-box\" data-id=\"aca3061\" data-element_type=\"widget\" data-e-type=\"widget\" data-widget_type=\"icon-box.default\">\n\t\t\t\t<div class=\"elementor-widget-container\">\n\t\t\t\t\t\t\t<div class=\"elementor-icon-box-wrapper\">\n\n\t\t\t\n\t\t\t\t\t\t<div class=\"elementor-icon-box-content\">\n\n\t\t\t\t\t\t\t\t\t<h3 class=\"elementor-icon-box-title\">\n\t\t\t\t\t\t<span  >\n\t\t\t\t\t\t\t<font color=\"#4eb480\">U6 \/ U7<\/font>\t\t\t\t\t\t<\/span>\n\t\t\t\t\t<\/h3>\n\t\t\t\t\n\t\t\t\t\t\t\t\t\t<p class=\"elementor-icon-box-description\">\n\t\t\t\t\t\t<b> Corentin BERNARD<\/b><br>\nCameron TACKAS<br>\n<br>\n<br>\n\t\t\t\t\t<\/p>\n\t\t\t\t\n\t\t\t<\/div>\n\t\t\t\n\t\t<\/div>\n\t\t\t\t\t\t<\/div>\n\t\t\t\t<\/div>\n\t\t\t\t\t<\/div>\n\t\t<\/div>\n\t\t\t\t<div class=\"elementor-column elementor-col-33 elementor-top-column elementor-element elementor-element-6f15925\" data-id=\"6f15925\" data-element_type=\"column\" data-e-type=\"column\">\n\t\t\t<div class=\"elementor-widget-wrap elementor-element-populated\">\n\t\t\t\t\t\t<div class=\"elementor-element elementor-element-d43e7c6 elementor-widget elementor-widget-icon-box\" data-id=\"d43e7c6\" data-element_type=\"widget\" data-e-type=\"widget\" data-widget_type=\"icon-box.default\">\n\t\t\t\t<div class=\"elementor-widget-container\">\n\t\t\t\t\t\t\t<div class=\"elementor-icon-box-wrapper\">\n\n\t\t\t\n\t\t\t\t\t\t<div class=\"elementor-icon-box-content\">\n\n\t\t\t\t\t\t\t\t\t<h3 class=\"elementor-icon-box-title\">\n\t\t\t\t\t\t<span  >\n\t\t\t\t\t\t\t<font color=\"#4eb480\">U8<\/font>\t\t\t\t\t\t<\/span>\n\t\t\t\t\t<\/h3>\n\t\t\t\t\n\t\t\t\t\t\t\t\t\t<p class=\"elementor-icon-box-description\">\n\t\t\t\t\t\t<b>Nicolas TEULIER<\/b><br>\nAnthony CHARRIER<br>\nVincent MORICE<br>\nSt\u00e9phane QUINTON\t\t\t\t\t<\/p>\n\t\t\t\t\n\t\t\t<\/div>\n\t\t\t\n\t\t<\/div>\n\t\t\t\t\t\t<\/div>\n\t\t\t\t<\/div>\n\t\t\t\t\t<\/div>\n\t\t<\/div>\n\t\t\t\t<div class=\"elementor-column elementor-col-33 elementor-top-column elementor-element elementor-element-fc320b4\" data-id=\"fc320b4\" data-element_type=\"column\" data-e-type=\"column\">\n\t\t\t<div class=\"elementor-widget-wrap elementor-element-populated\">\n\t\t\t\t\t\t<div class=\"elementor-element elementor-element-62f3af5 elementor-widget elementor-widget-icon-box\" data-id=\"62f3af5\" data-element_type=\"widget\" data-e-type=\"widget\" data-widget_type=\"icon-box.default\">\n\t\t\t\t<div class=\"elementor-widget-container\">\n\t\t\t\t\t\t\t<div class=\"elementor-icon-box-wrapper\">\n\n\t\t\t\n\t\t\t\t\t\t<div class=\"elementor-icon-box-content\">\n\n\t\t\t\t\t\t\t\t\t<h3 class=\"elementor-icon-box-title\">\n\t\t\t\t\t\t<span  >\n\t\t\t\t\t\t\t<font color=\"#4eb480\">U9<\/font>\t\t\t\t\t\t<\/span>\n\t\t\t\t\t<\/h3>\n\t\t\t\t\n\t\t\t\t\t\t\t\t\t<p class=\"elementor-icon-box-description\">\n\t\t\t\t\t\t<b>Lukas TUBAU<\/b><br>\nMatt\u00e9o PERRIER<br>\n<br>\n<br>\n<br>\t\t\t\t\t<\/p>\n\t\t\t\t\n\t\t\t<\/div>\n\t\t\t\n\t\t<\/div>\n\t\t\t\t\t\t<\/div>\n\t\t\t\t<\/div>\n\t\t\t\t\t<\/div>\n\t\t<\/div>\n\t\t\t\t\t<\/div>\n\t\t<\/section>\n\t\t\t\t<section class=\"elementor-section elementor-top-section elementor-element elementor-element-749a544 elementor-section-boxed elementor-section-height-default elementor-section-height-default\" data-id=\"749a544\" data-element_type=\"section\" data-e-type=\"section\">\n\t\t\t\t\t\t<div class=\"elementor-container elementor-column-gap-default\">\n\t\t\t\t\t<div class=\"elementor-column elementor-col-50 elementor-top-column elementor-element elementor-element-34b1018\" data-id=\"34b1018\" data-element_type=\"column\" data-e-type=\"column\">\n\t\t\t<div class=\"elementor-widget-wrap elementor-element-populated\">\n\t\t\t\t\t\t<div class=\"elementor-element elementor-element-80e3755 elementor-widget elementor-widget-icon-box\" data-id=\"80e3755\" data-element_type=\"widget\" data-e-type=\"widget\" data-widget_type=\"icon-box.default\">\n\t\t\t\t<div class=\"elementor-widget-container\">\n\t\t\t\t\t\t\t<div class=\"elementor-icon-box-wrapper\">\n\n\t\t\t\n\t\t\t\t\t\t<div class=\"elementor-icon-box-content\">\n\n\t\t\t\t\t\t\t\t\t<h3 class=\"elementor-icon-box-title\">\n\t\t\t\t\t\t<span  >\n\t\t\t\t\t\t\t<font color=\"#4eb480\">U10<\/font>\t\t\t\t\t\t<\/span>\n\t\t\t\t\t<\/h3>\n\t\t\t\t\n\t\t\t\t\t\t\t\t\t<p class=\"elementor-icon-box-description\">\n\t\t\t\t\t\t<b>Gr\u00e9gory LHEUREUX<\/b><br>\nJean-Fran\u00e7ois BRODIN<br>\nAng\u00e8le CHARTIER<br>\nSteeve DURAND<br>\nMarion M\u00c9SENGE\t\t\t\t\t<\/p>\n\t\t\t\t\n\t\t\t<\/div>\n\t\t\t\n\t\t<\/div>\n\t\t\t\t\t\t<\/div>\n\t\t\t\t<\/div>\n\t\t\t\t\t<\/div>\n\t\t<\/div>\n\t\t\t\t<div class=\"elementor-column elementor-col-50 elementor-top-column elementor-element elementor-element-13a86cc\" data-id=\"13a86cc\" data-element_type=\"column\" data-e-type=\"column\">\n\t\t\t<div class=\"elementor-widget-wrap elementor-element-populated\">\n\t\t\t\t\t\t<div class=\"elementor-element elementor-element-61da15e elementor-widget elementor-widget-icon-box\" data-id=\"61da15e\" data-element_type=\"widget\" data-e-type=\"widget\" data-widget_type=\"icon-box.default\">\n\t\t\t\t<div class=\"elementor-widget-container\">\n\t\t\t\t\t\t\t<div class=\"elementor-icon-box-wrapper\">\n\n\t\t\t\n\t\t\t\t\t\t<div class=\"elementor-icon-box-content\">\n\n\t\t\t\t\t\t\t\t\t<h3 class=\"elementor-icon-box-title\">\n\t\t\t\t\t\t<span  >\n\t\t\t\t\t\t\t<font color=\"#4eb480\">U11<\/font>\t\t\t\t\t\t<\/span>\n\t\t\t\t\t<\/h3>\n\t\t\t\t\n\t\t\t\t\t\t\t\t\t<p class=\"elementor-icon-box-description\">\n\t\t\t\t\t\t<b>G\u00e9rald DUPR\u00c9<\/b><br>\nL\u00e9andre BOUTTIER<br>\nAlexis GANDON<br>\nCl\u00e9ment HUREAU<br>\nMathis RAULT\t\t\t\t\t<\/p>\n\t\t\t\t\n\t\t\t<\/div>\n\t\t\t\n\t\t<\/div>\n\t\t\t\t\t\t<\/div>\n\t\t\t\t<\/div>\n\t\t\t\t\t<\/div>\n\t\t<\/div>\n\t\t\t\t\t<\/div>\n\t\t<\/section>\n\t\t\t\t<section class=\"elementor-section elementor-top-section elementor-element elementor-element-657b067 elementor-section-boxed elementor-section-height-default elementor-section-height-default\" data-id=\"657b067\" data-element_type=\"section\" data-e-type=\"section\">\n\t\t\t\t\t\t<div class=\"elementor-container elementor-column-gap-default\">\n\t\t\t\t\t<div class=\"elementor-column elementor-col-100 elementor-top-column elementor-element elementor-element-1d5b3ce\" data-id=\"1d5b3ce\" data-element_type=\"column\" data-e-type=\"column\">\n\t\t\t<div class=\"elementor-widget-wrap elementor-element-populated\">\n\t\t\t\t\t\t<div class=\"elementor-element elementor-element-9905d8f elementor-widget elementor-widget-image\" data-id=\"9905d8f\" data-element_type=\"widget\" data-e-type=\"widget\" data-widget_type=\"image.default\">\n\t\t\t\t<div class=\"elementor-widget-container\">\n\t\t\t\t\t\t\t\t\t\t\t\t\t\t\t<img decoding=\"async\" width=\"1024\" height=\"768\" src=\"https:\/\/ussaintberthevinfootball.com\/wp-content\/uploads\/2025\/09\/WhatsApp-Image-2025-09-22-a-11.14.31_132e65bf-1024x768.jpg\" class=\"attachment-large size-large wp-image-6148\" alt=\"\" srcset=\"https:\/\/ussaintberthevinfootball.com\/wp-content\/uploads\/2025\/09\/WhatsApp-Image-2025-09-22-a-11.14.31_132e65bf-1024x768.jpg 1024w, https:\/\/ussaintberthevinfootball.com\/wp-content\/uploads\/2025\/09\/WhatsApp-Image-2025-09-22-a-11.14.31_132e65bf-300x225.jpg 300w, https:\/\/ussaintberthevinfootball.com\/wp-content\/uploads\/2025\/09\/WhatsApp-Image-2025-09-22-a-11.14.31_132e65bf-768x576.jpg 768w, https:\/\/ussaintberthevinfootball.com\/wp-content\/uploads\/2025\/09\/WhatsApp-Image-2025-09-22-a-11.14.31_132e65bf-128x96.jpg 128w, https:\/\/ussaintberthevinfootball.com\/wp-content\/uploads\/2025\/09\/WhatsApp-Image-2025-09-22-a-11.14.31_132e65bf-32x24.jpg 32w, https:\/\/ussaintberthevinfootball.com\/wp-content\/uploads\/2025\/09\/WhatsApp-Image-2025-09-22-a-11.14.31_132e65bf.jpg 1440w\" sizes=\"(max-width: 1024px) 100vw, 1024px\" \/>\t\t\t\t\t\t\t\t\t\t\t\t\t\t\t<\/div>\n\t\t\t\t<\/div>\n\t\t\t\t\t<\/div>\n\t\t<\/div>\n\t\t\t\t\t<\/div>\n\t\t<\/section>\n\t\t\t\t<\/div>\n\t\t","protected":false},"excerpt":{"rendered":"<p>\u00a0 Notre objectif est de transmettre aux jeunes la passion du ballon rond dans un cadre convivial, \u00e9ducatif et formateur. Encadr\u00e9s par des \u00e9ducateurs dipl\u00f4m\u00e9s et passionn\u00e9s, les enfants d\u00e9couvrent : Les bases techniques (contr\u00f4le, passe, tir, dribble) L\u2019esprit d\u2019\u00e9quipe et le respect des r\u00e8gles Le plaisir de jouer ensemble et de progresser pas \u00e0 [&hellip;]<\/p>\n","protected":false},"author":1,"featured_media":0,"parent":0,"menu_order":0,"comment_status":"closed","ping_status":"closed","template":"","meta":{"_uag_custom_page_level_css":"","site-sidebar-layout":"no-sidebar","site-content-layout":"","ast-site-content-layout":"normal-width-container","site-content-style":"default","site-sidebar-style":"default","ast-global-header-display":"","ast-banner-title-visibility":"","ast-main-header-display":"","ast-hfb-above-header-display":"","ast-hfb-below-header-display":"","ast-hfb-mobile-header-display":"","site-post-title":"","ast-breadcrumbs-content":"","ast-featured-img":"","footer-sml-layout":"","ast-disable-related-posts":"","theme-transparent-header-meta":"","adv-header-id-meta":"","stick-header-meta":"","header-above-stick-meta":"","header-main-stick-meta":"","header-below-stick-meta":"","astra-migrate-meta-layouts":"default","ast-page-background-enabled":"default","ast-page-background-meta":{"desktop":{"background-color":"var(--ast-global-color-4)","background-image":"","background-repeat":"repeat","background-position":"center center","background-size":"auto","background-attachment":"scroll","background-type":"","background-media":"","overlay-type":"","overlay-color":"","overlay-opacity":"","overlay-gradient":""},"tablet":{"background-color":"","background-image":"","background-repeat":"repeat","background-position":"center center","background-size":"auto","background-attachment":"scroll","background-type":"","background-media":"","overlay-type":"","overlay-color":"","overlay-opacity":"","overlay-gradient":""},"mobile":{"background-color":"","background-image":"","background-repeat":"repeat","background-position":"center center","background-size":"auto","background-attachment":"scroll","background-type":"","background-media":"","overlay-type":"","overlay-color":"","overlay-opacity":"","overlay-gradient":""}},"ast-content-background-meta":{"desktop":{"background-color":"var(--ast-global-color-5)","background-image":"","background-repeat":"repeat","background-position":"center center","background-size":"auto","background-attachment":"scroll","background-type":"","background-media":"","overlay-type":"","overlay-color":"","overlay-opacity":"","overlay-gradient":""},"tablet":{"background-color":"var(--ast-global-color-5)","background-image":"","background-repeat":"repeat","background-position":"center center","background-size":"auto","background-attachment":"scroll","background-type":"","background-media":"","overlay-type":"","overlay-color":"","overlay-opacity":"","overlay-gradient":""},"mobile":{"background-color":"var(--ast-global-color-5)","background-image":"","background-repeat":"repeat","background-position":"center center","background-size":"auto","background-attachment":"scroll","background-type":"","background-media":"","overlay-type":"","overlay-color":"","overlay-opacity":"","overlay-gradient":""}},"footnotes":""},"class_list":["post-105","page","type-page","status-publish","hentry"],"uagb_featured_image_src":{"full":false,"thumbnail":false,"medium":false,"medium_large":false,"large":false,"1536x1536":false,"2048x2048":false},"uagb_author_info":{"display_name":"ussbfootball53","author_link":"https:\/\/ussaintberthevinfootball.com\/index.php\/author\/ussbfootball53\/"},"uagb_comment_info":0,"uagb_excerpt":"\u00a0 Notre objectif est de transmettre aux jeunes la passion du ballon rond dans un cadre convivial, \u00e9ducatif et formateur. Encadr\u00e9s par des \u00e9ducateurs dipl\u00f4m\u00e9s et passionn\u00e9s, les enfants d\u00e9couvrent : Les bases techniques (contr\u00f4le, passe, tir, dribble) L\u2019esprit d\u2019\u00e9quipe et le respect des r\u00e8gles Le plaisir de jouer ensemble et de progresser pas \u00e0\u2026","_links":{"self":[{"href":"https:\/\/ussaintberthevinfootball.com\/index.php\/wp-json\/wp\/v2\/pages\/105","targetHints":{"allow":["GET"]}}],"collection":[{"href":"https:\/\/ussaintberthevinfootball.com\/index.php\/wp-json\/wp\/v2\/pages"}],"about":[{"href":"https:\/\/ussaintberthevinfootball.com\/index.php\/wp-json\/wp\/v2\/types\/page"}],"author":[{"embeddable":true,"href":"https:\/\/ussaintberthevinfootball.com\/index.php\/wp-json\/wp\/v2\/users\/1"}],"replies":[{"embeddable":true,"href":"https:\/\/ussaintberthevinfootball.com\/index.php\/wp-json\/wp\/v2\/comments?post=105"}],"version-history":[{"count":116,"href":"https:\/\/ussaintberthevinfootball.com\/index.php\/wp-json\/wp\/v2\/pages\/105\/revisions"}],"predecessor-version":[{"id":9884,"href":"https:\/\/ussaintberthevinfootball.com\/index.php\/wp-json\/wp\/v2\/pages\/105\/revisions\/9884"}],"wp:attachment":[{"href":"https:\/\/ussaintberthevinfootball.com\/index.php\/wp-json\/wp\/v2\/media?parent=105"}],"curies":[{"name":"wp","href":"https:\/\/api.w.org\/{rel}","templated":true}]}}